{"id":7137,"date":"2026-03-16T10:22:13","date_gmt":"2026-03-16T09:22:13","guid":{"rendered":"https:\/\/platinredoute.geek-tonic.dev\/camping-espace-aquatique-rivedoux-plage\/"},"modified":"2026-03-27T16:03:08","modified_gmt":"2026-03-27T15:03:08","slug":"kampplaats-aquacentrum-rivedoux-plage","status":"publish","type":"page","link":"https:\/\/platinredoute.geek-tonic.dev\/nl\/kampplaats-aquacentrum-rivedoux-plage\/","title":{"rendered":"Aquatisch gebied"},"content":{"rendered":"\n<div class=\"wp-block-group section-6 has-custom-color-3-background-color has-background has-global-padding is-layout-constrained wp-container-core-group-is-layout-20238047 wp-block-group-is-layout-constrained\" style=\"margin-top:0px;margin-bottom:0px;padding-top:8rem;padding-right:15rem;padding-bottom:8rem;padding-left:15rem\">\n<div class=\"wp-block-group gt-reverse-mobile is-nowrap is-layout-flex wp-container-core-group-is-layout-90b6bdf5 wp-block-group-is-layout-flex\">\n<div class=\"wp-block-group has-global-padding is-layout-constrained wp-container-core-group-is-layout-7c250ea7 wp-block-group-is-layout-constrained\" style=\"margin-top:0px;margin-bottom:0px;padding-top:0;padding-right:0px;padding-bottom:0;padding-left:0px\">\n<div class=\"wp-block-group has-global-padding is-layout-constrained wp-container-core-group-is-layout-162f2a30 wp-block-group-is-layout-constrained\" style=\"margin-top:0px;margin-bottom:0px\">\n<div class=\"wp-block-group has-global-padding is-layout-constrained wp-container-core-group-is-layout-d6554d75 wp-block-group-is-layout-constrained\" style=\"margin-top:0px;margin-bottom:0px\">\n<div class=\"wp-block-cover is-light\" style=\"border-top-left-radius:10px;border-top-right-radius:10px;border-bottom-left-radius:10px;border-bottom-right-radius:10px\"><img loading=\"lazy\" decoding=\"async\" width=\"1920\" height=\"1440\" class=\"wp-block-cover__image-background wp-image-6752 size-full\" alt=\"piscine espace aquatique camping platin redoute\" src=\"https:\/\/platinredoute.geek-tonic.dev\/wp-content\/uploads\/2026\/03\/piscine-espace-aquatique-camping-platin-redoute.jpg\" data-object-fit=\"cover\" srcset=\"https:\/\/platinredoute.geek-tonic.dev\/wp-content\/uploads\/2026\/03\/piscine-espace-aquatique-camping-platin-redoute.jpg 1920w, https:\/\/platinredoute.geek-tonic.dev\/wp-content\/uploads\/2026\/03\/piscine-espace-aquatique-camping-platin-redoute-300x225.jpg 300w, https:\/\/platinredoute.geek-tonic.dev\/wp-content\/uploads\/2026\/03\/piscine-espace-aquatique-camping-platin-redoute-1024x768.jpg 1024w, https:\/\/platinredoute.geek-tonic.dev\/wp-content\/uploads\/2026\/03\/piscine-espace-aquatique-camping-platin-redoute-768x576.jpg 768w, https:\/\/platinredoute.geek-tonic.dev\/wp-content\/uploads\/2026\/03\/piscine-espace-aquatique-camping-platin-redoute-1536x1152.jpg 1536w\" sizes=\"auto, (max-width: 1920px) 100vw, 1920px\" \/><span aria-hidden=\"true\" class=\"wp-block-cover__background has-background-dim-0 has-background-dim\"><\/span><div class=\"wp-block-cover__inner-container has-global-padding is-layout-constrained wp-block-cover-is-layout-constrained\">\n<p class=\"has-text-align-center has-large-font-size\"><\/p>\n<\/div><\/div>\n<\/div>\n<\/div>\n<\/div>\n\n\n\n<div class=\"wp-block-group gt-reverse-mobile is-vertical is-layout-flex wp-container-core-group-is-layout-7857e36c wp-block-group-is-layout-flex\" style=\"padding-right:0px;padding-left:0px\">\n<div class=\"wp-block-group texte-deco has-global-padding is-content-justification-left is-layout-constrained wp-container-core-group-is-layout-d6fb7615 wp-block-group-is-layout-constrained\" style=\"margin-top:0px;margin-bottom:0px;padding-right:0px;padding-left:0px\">\n<p class=\"has-custom-color-1-color has-text-color has-link-color has-unbounded-font-family wp-elements-5889a885faf26767ebbd98f82ef536f4\" style=\"font-size:clamp(2.499rem, 2.499rem + ((1vw - 0.2rem) * 3.652), 4.69rem);font-style:normal;font-weight:700;line-height:1\">Zwemmen<\/p>\n\n\n\n<p class=\"has-custom-color-1-color has-text-color has-link-color has-caveat-font-family wp-elements-cff788df4f31b004e9a68164eb8937a4\" style=\"margin-top:0px;margin-bottom:0px;font-size:clamp(3.159rem, 3.159rem + ((1vw - 0.2rem) * 5.252), 6.31rem);font-style:normal;font-weight:500;line-height:0.7\">met je gezin<\/p>\n<\/div>\n\n\n\n<div class=\"wp-block-group content has-base-2-background-color has-background has-global-padding is-layout-constrained wp-container-core-group-is-layout-69f271cb wp-block-group-is-layout-constrained\" style=\"border-top-left-radius:10px;border-top-right-radius:10px;border-bottom-left-radius:10px;border-bottom-right-radius:10px;margin-top:0px;margin-bottom:0px;padding-top:40px;padding-right:40px;padding-bottom:40px;padding-left:40px\">\n<h1 class=\"wp-block-heading has-custom-color-1-color has-text-color has-link-color wp-elements-8431a766353c70231e714dcd6eb99cb2\">Camping met verwarmd zwembad bij Sainte-Marie-de-R\u00e9<\/h1>\n\n\n\n<p class=\"has-custom-color-1-color has-text-color\">Op camping Le Platin &#8211; La Redoute, uw <a href=\"https:\/\/platinredoute.geek-tonic.dev\/nl\/\" data-type=\"page\" data-id=\"5\">camping op het Ile de R\u00e9<\/a>, is zwemmen een integraal onderdeel van uw vakantie. Ons zwemparadijs, dat toegankelijk is voor alle campinggasten, belooft momenten van ontspanning en plezier voor het hele gezin. Met een <strong>verwarmd buitenzwembad<\/strong> en een <strong>peuterbad<\/strong> voor de allerkleinsten is er voor elk wat wils. Welkom op uw camping met verwarmd zwembad op het Ile de R\u00e9.   <\/p>\n<\/div>\n<\/div>\n<\/div>\n<\/div>\n\n<div class=\"wp-block-group section-simple has-global-padding is-layout-constrained wp-container-core-group-is-layout-e8882e7b wp-block-group-is-layout-constrained\" style=\"margin-top:0px;margin-bottom:0px;padding-top:8rem;padding-right:15rem;padding-bottom:8rem;padding-left:15rem\">\n<div class=\"wp-block-columns are-vertically-aligned-top is-layout-flex wp-container-core-columns-is-layout-28f84493 wp-block-columns-is-layout-flex\">\n<div class=\"wp-block-column is-vertically-aligned-top is-layout-flow wp-block-column-is-layout-flow\">\n<div class=\"wp-block-group has-custom-color-3-background-color has-background has-global-padding is-layout-constrained wp-container-core-group-is-layout-3dcc9c70 wp-block-group-is-layout-constrained\" style=\"border-top-left-radius:10px;border-top-right-radius:10px;border-bottom-left-radius:10px;border-bottom-right-radius:10px;padding-top:40px;padding-right:40px;padding-bottom:40px;padding-left:40px\">\n<h2 class=\"wp-block-heading has-custom-color-1-color has-text-color has-link-color wp-elements-b2d1f6b58ae0e4ecfced0967d58fa308\">Camping met verwarmd buitenzwembad op het Ile de R\u00e9<\/h2>\n\n\n\n<p class=\"has-custom-color-1-color has-text-color\">Neem een duik in ons <strong>verwarmde buitenzwembad van 250 m\u00b2<\/strong>, geopend vanaf 8 mei.<\/p>\n\n\n\n<p class=\"has-custom-color-1-color has-text-color\">Of de lucht nu blauw of licht bewolkt is, het water heeft precies de juiste temperatuur om in te zwemmen tijdens je verblijf.<\/p>\n\n\n\n<p class=\"has-custom-color-1-color has-text-color\">Zwem &#8217;s ochtends een paar baantjes, speel &#8217;s middags een spelletje met het hele gezin of zoek verkoeling na een fietstocht over het Ile de R\u00e9: het verwarmde zwembad is het <strong>hart van <\/strong>de camping.<\/p>\n<\/div>\n<\/div>\n\n\n\n<div class=\"wp-block-column is-vertically-aligned-top is-layout-flow wp-block-column-is-layout-flow\">\n<figure class=\"wp-block-image size-full has-custom-border\"><img loading=\"lazy\" decoding=\"async\" width=\"1920\" height=\"1440\" src=\"https:\/\/platinredoute.geek-tonic.dev\/wp-content\/uploads\/2026\/03\/piscine-bordure-camping-espace-aquatique.jpg\" alt=\"Zwembad rand camping watergebied\" class=\"wp-image-6747\" style=\"border-top-left-radius:10px;border-top-right-radius:10px;border-bottom-left-radius:10px;border-bottom-right-radius:10px;aspect-ratio:16\/9;object-fit:cover\" srcset=\"https:\/\/platinredoute.geek-tonic.dev\/wp-content\/uploads\/2026\/03\/piscine-bordure-camping-espace-aquatique.jpg 1920w, https:\/\/platinredoute.geek-tonic.dev\/wp-content\/uploads\/2026\/03\/piscine-bordure-camping-espace-aquatique-300x225.jpg 300w, https:\/\/platinredoute.geek-tonic.dev\/wp-content\/uploads\/2026\/03\/piscine-bordure-camping-espace-aquatique-1024x768.jpg 1024w, https:\/\/platinredoute.geek-tonic.dev\/wp-content\/uploads\/2026\/03\/piscine-bordure-camping-espace-aquatique-768x576.jpg 768w, https:\/\/platinredoute.geek-tonic.dev\/wp-content\/uploads\/2026\/03\/piscine-bordure-camping-espace-aquatique-1536x1152.jpg 1536w\" sizes=\"auto, (max-width: 1920px) 100vw, 1920px\" \/><\/figure>\n<\/div>\n<\/div>\n<\/div>\n\n<div class=\"wp-block-group section-4 has-global-padding is-layout-constrained wp-container-core-group-is-layout-07b29094 wp-block-group-is-layout-constrained\" style=\"margin-top:0px;margin-bottom:0px;padding-right:0px;padding-left:0px\">\n<div class=\"wp-block-group banner has-global-padding is-layout-constrained wp-container-core-group-is-layout-07b29094 wp-block-group-is-layout-constrained\" style=\"margin-top:0px;margin-bottom:0px;padding-right:0px;padding-left:0px\">\n<div class=\"wp-block-cover\" style=\"margin-top:0px;margin-bottom:0px;padding-top:0px;padding-right:0px;padding-bottom:0px;padding-left:0px;min-height:90vh;aspect-ratio:unset;\"><img loading=\"lazy\" decoding=\"async\" width=\"1920\" height=\"1440\" class=\"wp-block-cover__image-background wp-image-6707 size-full\" alt=\"piscine camping platin redoute espace aquatique soleil\" src=\"https:\/\/platinredoute.geek-tonic.dev\/wp-content\/uploads\/2026\/03\/piscine-camping-platin-redoute-espace-aquatique-soleil.jpg\" data-object-fit=\"cover\" srcset=\"https:\/\/platinredoute.geek-tonic.dev\/wp-content\/uploads\/2026\/03\/piscine-camping-platin-redoute-espace-aquatique-soleil.jpg 1920w, https:\/\/platinredoute.geek-tonic.dev\/wp-content\/uploads\/2026\/03\/piscine-camping-platin-redoute-espace-aquatique-soleil-300x225.jpg 300w, https:\/\/platinredoute.geek-tonic.dev\/wp-content\/uploads\/2026\/03\/piscine-camping-platin-redoute-espace-aquatique-soleil-1024x768.jpg 1024w, https:\/\/platinredoute.geek-tonic.dev\/wp-content\/uploads\/2026\/03\/piscine-camping-platin-redoute-espace-aquatique-soleil-768x576.jpg 768w, https:\/\/platinredoute.geek-tonic.dev\/wp-content\/uploads\/2026\/03\/piscine-camping-platin-redoute-espace-aquatique-soleil-1536x1152.jpg 1536w\" sizes=\"auto, (max-width: 1920px) 100vw, 1920px\" \/><span aria-hidden=\"true\" class=\"wp-block-cover__background has-background-dim-100 has-background-dim wp-block-cover__gradient-background has-background-gradient\" style=\"background:linear-gradient(0deg,rgb(6,54,122) 0%,rgba(255,255,255,0) 30%)\"><\/span><div class=\"wp-block-cover__inner-container has-global-padding is-layout-constrained wp-container-core-cover-is-layout-8b154107 wp-block-cover-is-layout-constrained\">\n<p class=\"has-text-align-center has-large-font-size\"><\/p>\n<\/div><\/div>\n<\/div>\n\n\n\n<div class=\"wp-block-group content has-custom-color-1-background-color has-background has-global-padding is-layout-constrained wp-container-core-group-is-layout-d4ecddba wp-block-group-is-layout-constrained\" style=\"margin-top:0px;margin-bottom:0px;padding-top:6rem;padding-right:15rem;padding-bottom:6rem;padding-left:15rem\">\n<h2 class=\"wp-block-heading has-custom-color-2-color has-text-color has-link-color wp-elements-64bbd44d1775162949fe9da78a341728\">Veilig pierenbadje voor je kinderen<\/h2>\n\n\n\n<p class=\"has-base-2-color has-text-color has-link-color wp-elements-d8df7ff232c84db5645fd325959ef365\">De eerste spetters van je kinderen verdienen een <strong>veilige, aangepaste ruimte<\/strong>. Het pierenbad op onze camping met verwarmd zwembad bij Sainte-Marie-de-R\u00e9 is speciaal ontworpen voor peuters. Ze kunnen er spetteren, spelen en het plezier van water ontdekken onder jouw toeziend oog.  <\/p>\n\n\n\n<p class=\"has-base-2-color has-text-color has-link-color wp-elements-19911f76b0f0ade71768b6c192461c49\">Terwijl uw kinderen zich in alle veiligheid vermaken, kunt u <strong>een oogje in het zeil houden vanaf de rand van het zwembad<\/strong>. Eenvoudige, kostbare momenten, gesust door gelach en de zon van Charente-Maritime. <\/p>\n<\/div>\n<\/div>\n\n<div class=\"wp-block-group section-simple has-custom-color-2-background-color has-background has-global-padding is-layout-constrained wp-container-core-group-is-layout-e8882e7b wp-block-group-is-layout-constrained\" style=\"margin-top:0px;margin-bottom:0px;padding-top:8rem;padding-right:15rem;padding-bottom:8rem;padding-left:15rem\">\n<div class=\"wp-block-columns are-vertically-aligned-top is-layout-flex wp-container-core-columns-is-layout-28f84493 wp-block-columns-is-layout-flex\">\n<div class=\"wp-block-column is-vertically-aligned-top is-layout-flow wp-block-column-is-layout-flow\">\n<figure class=\"wp-block-image size-full has-custom-border\"><img loading=\"lazy\" decoding=\"async\" width=\"1920\" height=\"1280\" src=\"https:\/\/platinredoute.geek-tonic.dev\/wp-content\/uploads\/2026\/03\/transats-bronzer-piscine-camping.jpg\" alt=\"ligstoelen zwembad camping\" class=\"wp-image-6750\" style=\"border-top-left-radius:10px;border-top-right-radius:10px;border-bottom-left-radius:10px;border-bottom-right-radius:10px;aspect-ratio:16\/9;object-fit:cover\" srcset=\"https:\/\/platinredoute.geek-tonic.dev\/wp-content\/uploads\/2026\/03\/transats-bronzer-piscine-camping.jpg 1920w, https:\/\/platinredoute.geek-tonic.dev\/wp-content\/uploads\/2026\/03\/transats-bronzer-piscine-camping-300x200.jpg 300w, https:\/\/platinredoute.geek-tonic.dev\/wp-content\/uploads\/2026\/03\/transats-bronzer-piscine-camping-1024x683.jpg 1024w, https:\/\/platinredoute.geek-tonic.dev\/wp-content\/uploads\/2026\/03\/transats-bronzer-piscine-camping-768x512.jpg 768w, https:\/\/platinredoute.geek-tonic.dev\/wp-content\/uploads\/2026\/03\/transats-bronzer-piscine-camping-1536x1024.jpg 1536w\" sizes=\"auto, (max-width: 1920px) 100vw, 1920px\" \/><\/figure>\n<\/div>\n\n\n\n<div class=\"wp-block-column is-vertically-aligned-top is-layout-flow wp-block-column-is-layout-flow\">\n<div class=\"wp-block-group has-base-2-background-color has-background has-global-padding is-layout-constrained wp-container-core-group-is-layout-3dcc9c70 wp-block-group-is-layout-constrained\" style=\"border-top-left-radius:10px;border-top-right-radius:10px;border-bottom-left-radius:10px;border-bottom-right-radius:10px;padding-top:40px;padding-right:40px;padding-bottom:40px;padding-left:40px\">\n<h2 class=\"wp-block-heading has-custom-color-1-color has-text-color has-link-color wp-elements-652d049ae831151ccbc12dca8e2db36f\">Comfortabele ligstoelen <br\/><\/h2>\n\n\n\n<p class=\"has-custom-color-1-color has-text-color\">Maak het jezelf na het zwemmen gemakkelijk op onze <strong>ligstoelen in het Zwembad<\/strong>.<\/p>\n\n\n\n<p class=\"has-custom-color-1-color has-text-color\">De zon van Retais doet de rest. Dompel jezelf onder in een goed boek, sluit je ogen voor een paar momenten of geniet gewoon van de rust van het moment. <\/p>\n\n\n\n<p class=\"has-custom-color-1-color has-text-color\">En als je de voorkeur geeft aan zand, dan is het Noordstrand direct toegankelijk vanaf de camping.<\/p>\n\n\n\n<p class=\"has-custom-color-1-color has-text-color\">Zwembad in de ochtend, strand in de middag: aan jou om <strong>je ideale dag<\/strong> samen te stellen.<\/p>\n<\/div>\n<\/div>\n<\/div>\n<\/div>\n\n<div class=\"wp-block-group section-maillage has-custom-color-3-background-color has-background has-global-padding is-layout-constrained wp-container-core-group-is-layout-20238047 wp-block-group-is-layout-constrained\" style=\"margin-top:0px;margin-bottom:0px;padding-top:8rem;padding-right:15rem;padding-bottom:8rem;padding-left:15rem\">\n<div class=\"wp-block-group texte-deco is-layout-flow wp-block-group-is-layout-flow\">\n<p class=\"has-text-align-center has-custom-color-1-color has-text-color has-link-color has-unbounded-font-family wp-elements-77b1dbefe820513140c36737e4b3549a\" style=\"font-size:clamp(1.976rem, 1.976rem + ((1vw - 0.2rem) * 2.54), 3.5rem);font-style:normal;font-weight:700;line-height:1\">Ontdek<\/p>\n\n\n\n<p class=\"has-text-align-center has-custom-color-1-color has-text-color has-link-color has-caveat-font-family wp-elements-bf87d92014bc855cb950ce8589a220a2\" style=\"margin-top:0px;margin-bottom:0px;font-size:clamp(2.758rem, 2.758rem + ((1vw - 0.2rem) * 4.253), 5.31rem);font-style:normal;font-weight:500;line-height:0.7\">daarnaast<\/p>\n<\/div>\n\n\n\n<div data-wp-context=\"{}\" data-wp-interactive=\"core\/query\" data-wp-key=\"0\" data-wp-router-region=\"query-0\" class=\"wp-block-query alignwide gt-fse-maillage-query is-layout-flow wp-block-query-is-layout-flow\"><ul class=\"columns-3 wp-block-post-template is-layout-grid wp-container-core-post-template-is-layout-6d3fbd8f wp-block-post-template-is-layout-grid\"><li data-wp-key=\"post-template-item-7247\" class=\"wp-block-post post-7247 page type-page status-publish has-post-thumbnail hentry\">\n<a href=\"https:\/\/platinredoute.geek-tonic.dev\/nl\/verhuur-stacaravan-rivedoux-plage\/\"    class=\"wp-block-tiptip-hyperlink-group-block\" >\n<figure class=\"wp-block-image size-full is-resized\"><img loading=\"lazy\" decoding=\"async\" width=\"367\" height=\"318\" src=\"https:\/\/platinredoute.geek-tonic.dev\/wp-content\/uploads\/2025\/12\/grosse-fleur-jaune.svg\" alt=\"grote gele bloem\" class=\"wp-image-143\" style=\"object-fit:contain;width:50px;height:50px\"\/><\/figure>\n\n<figure class=\"wp-block-image has-custom-border gt-maillage__image\"><img decoding=\"async\" src=\"https:\/\/platinredoute.geek-tonic.dev\/wp-content\/uploads\/2026\/03\/mobil-home-flower-la-redoute-camping-.jpg\" alt=\"Stacaravan bloem la redoute camping\" style=\"border-style:none;border-width:0px;border-top-left-radius:10px;border-top-right-radius:10px;border-bottom-left-radius:10px;border-bottom-right-radius:10px\"\/><\/figure>\n\n<p class=\"has-text-align-center has-custom-color-1-color has-text-color has-link-color has-unbounded-font-family wp-elements-6527d65a79d544105f2c7aa114e49b0c\" style=\"font-size:clamp(1.25rem, 1.25rem + ((1vw - 0.2rem) * 1.25), 2rem);line-height:1.1\">Onze huuraccommodaties<\/p>\n<\/a>\n<\/li><li data-wp-key=\"post-template-item-7209\" class=\"wp-block-post post-7209 page type-page status-publish has-post-thumbnail hentry\">\n<a href=\"https:\/\/platinredoute.geek-tonic.dev\/nl\/familiecamping-rivedoux-plage\/\"    class=\"wp-block-tiptip-hyperlink-group-block\" >\n<figure class=\"wp-block-image size-full is-resized\"><img loading=\"lazy\" decoding=\"async\" width=\"367\" height=\"318\" src=\"https:\/\/platinredoute.geek-tonic.dev\/wp-content\/uploads\/2025\/12\/grosse-fleur-jaune.svg\" alt=\"grote gele bloem\" class=\"wp-image-143\" style=\"object-fit:contain;width:50px;height:50px\"\/><\/figure>\n\n<figure class=\"wp-block-image has-custom-border gt-maillage__image\"><img decoding=\"async\" src=\"https:\/\/platinredoute.geek-tonic.dev\/wp-content\/uploads\/2026\/03\/camping-platin-redoute-bord-de-mer-acces-plage.jpg\" alt=\"camping Le Platin La Redoute toegang tot het strand\" style=\"border-style:none;border-width:0px;border-top-left-radius:10px;border-top-right-radius:10px;border-bottom-left-radius:10px;border-bottom-right-radius:10px\"\/><\/figure>\n\n<p class=\"has-text-align-center has-custom-color-1-color has-text-color has-link-color has-unbounded-font-family wp-elements-6527d65a79d544105f2c7aa114e49b0c\" style=\"font-size:clamp(1.25rem, 1.25rem + ((1vw - 0.2rem) * 1.25), 2rem);line-height:1.1\">Diensten en activiteiten<\/p>\n<\/a>\n<\/li><li data-wp-key=\"post-template-item-7159\" class=\"wp-block-post post-7159 page type-page status-publish has-post-thumbnail hentry\">\n<a href=\"https:\/\/platinredoute.geek-tonic.dev\/nl\/kampplaats-aan-de-kust-rivedoux-plage\/\"    class=\"wp-block-tiptip-hyperlink-group-block\" >\n<figure class=\"wp-block-image size-full is-resized\"><img loading=\"lazy\" decoding=\"async\" width=\"367\" height=\"318\" src=\"https:\/\/platinredoute.geek-tonic.dev\/wp-content\/uploads\/2025\/12\/grosse-fleur-jaune.svg\" alt=\"grote gele bloem\" class=\"wp-image-143\" style=\"object-fit:contain;width:50px;height:50px\"\/><\/figure>\n\n<figure class=\"wp-block-image has-custom-border gt-maillage__image\"><img decoding=\"async\" src=\"https:\/\/platinredoute.geek-tonic.dev\/wp-content\/uploads\/2026\/03\/camping-bord-de-mer-rivedoux-plage-ile-de-re.jpg\" alt=\"Seaside\" style=\"border-style:none;border-width:0px;border-top-left-radius:10px;border-top-right-radius:10px;border-bottom-left-radius:10px;border-bottom-right-radius:10px\"\/><\/figure>\n\n<p class=\"has-text-align-center has-custom-color-1-color has-text-color has-link-color has-unbounded-font-family wp-elements-6527d65a79d544105f2c7aa114e49b0c\" style=\"font-size:clamp(1.25rem, 1.25rem + ((1vw - 0.2rem) * 1.25), 2rem);line-height:1.1\">Seaside<\/p>\n<\/a>\n<\/li><\/ul><\/div>\n<\/div>\n","protected":false},"excerpt":{"rendered":"<p>Zwemmen met je gezin Camping met verwarmd zwembad bij Sainte-Marie-de-R\u00e9 Op camping Le Platin &#8211; La Redoute, uw camping op het Ile de R\u00e9, is zwemmen een integraal onderdeel van uw vakantie. Ons zwemparadijs, dat toegankelijk is voor alle campinggasten, belooft momenten van ontspanning en plezier voor het hele gezin. Met een verwarmd buitenzwembad en [&hellip;]<\/p>\n","protected":false},"author":1,"featured_media":7138,"parent":0,"menu_order":0,"comment_status":"closed","ping_status":"closed","template":"","meta":{"_seopress_robots_primary_cat":"","_seopress_titles_title":"Camping verwarmd zwembad \u00cele R\u00e9 | Waterpark St-Marie-de-R\u00e9","_seopress_titles_desc":"Lekker zwemmen met het gezin op camping Le Platin - La Redoute: verwarmd zwembad en peuterbad voor een onvergetelijke vakantie in de buurt van Sainte-Marie-de-R\u00e9.","_seopress_robots_index":"","inline_featured_image":false,"gt_fse_maillage_image":"https:\/\/platinredoute.geek-tonic.dev\/wp-content\/uploads\/2026\/03\/piscine-camping-platin-redoute-espace-aquatique-soleil.jpg","gt_fse_maillage_titre":"Aquatisch gebied","gt_fse_maillage_alt":"Aquatisch gebied","gt_fse_maillage_resume":"","footnotes":""},"categories":[],"tags":[],"class_list":["post-7137","page","type-page","status-publish","has-post-thumbnail","hentry"],"publishpress_future_action":{"enabled":false,"date":"2026-04-20 04:40:37","action":"change-status","newStatus":"draft","terms":[],"taxonomy":"category","extraData":[]},"publishpress_future_workflow_manual_trigger":{"enabledWorkflows":[]},"_links":{"self":[{"href":"https:\/\/platinredoute.geek-tonic.dev\/nl\/wp-json\/wp\/v2\/pages\/7137","targetHints":{"allow":["GET"]}}],"collection":[{"href":"https:\/\/platinredoute.geek-tonic.dev\/nl\/wp-json\/wp\/v2\/pages"}],"about":[{"href":"https:\/\/platinredoute.geek-tonic.dev\/nl\/wp-json\/wp\/v2\/types\/page"}],"author":[{"embeddable":true,"href":"https:\/\/platinredoute.geek-tonic.dev\/nl\/wp-json\/wp\/v2\/users\/1"}],"replies":[{"embeddable":true,"href":"https:\/\/platinredoute.geek-tonic.dev\/nl\/wp-json\/wp\/v2\/comments?post=7137"}],"version-history":[{"count":5,"href":"https:\/\/platinredoute.geek-tonic.dev\/nl\/wp-json\/wp\/v2\/pages\/7137\/revisions"}],"predecessor-version":[{"id":7638,"href":"https:\/\/platinredoute.geek-tonic.dev\/nl\/wp-json\/wp\/v2\/pages\/7137\/revisions\/7638"}],"wp:featuredmedia":[{"embeddable":true,"href":"https:\/\/platinredoute.geek-tonic.dev\/nl\/wp-json\/wp\/v2\/media\/7138"}],"wp:attachment":[{"href":"https:\/\/platinredoute.geek-tonic.dev\/nl\/wp-json\/wp\/v2\/media?parent=7137"}],"wp:term":[{"taxonomy":"category","embeddable":true,"href":"https:\/\/platinredoute.geek-tonic.dev\/nl\/wp-json\/wp\/v2\/categories?post=7137"},{"taxonomy":"post_tag","embeddable":true,"href":"https:\/\/platinredoute.geek-tonic.dev\/nl\/wp-json\/wp\/v2\/tags?post=7137"}],"curies":[{"name":"wp","href":"https:\/\/api.w.org\/{rel}","templated":true}]}}