{"id":5443,"date":"2026-02-26T08:52:46","date_gmt":"2026-02-26T07:52:46","guid":{"rendered":"https:\/\/platinredoute.geek-tonic.dev\/rgaa\/"},"modified":"2026-03-27T15:01:24","modified_gmt":"2026-03-27T14:01:24","slug":"toegankelijkheid","status":"publish","type":"page","link":"https:\/\/platinredoute.geek-tonic.dev\/nl\/toegankelijkheid\/","title":{"rendered":"Verklaring digitale toegankelijkheid"},"content":{"rendered":"\n<div class=\"wp-block-group section-6 has-custom-color-3-background-color has-background has-global-padding is-layout-constrained wp-container-core-group-is-layout-de244258 wp-block-group-is-layout-constrained\" style=\"margin-top:0px;margin-bottom:0px;padding-top:4rem;padding-right:15rem;padding-bottom:8rem;padding-left:15rem\">\n<div class=\"wp-block-group content has-base-2-background-color has-background has-global-padding is-layout-constrained wp-container-core-group-is-layout-2254dfbc wp-block-group-is-layout-constrained\" style=\"border-top-left-radius:10px;border-top-right-radius:10px;border-bottom-left-radius:10px;border-bottom-right-radius:10px;margin-top:0px;margin-bottom:0px;padding-top:39px;padding-right:40px;padding-bottom:40px;padding-left:40px\">\n<h1 class=\"wp-block-heading\">TOEGANKELIJKHEIDSVERKLARING<\/h1>\n\n\n\n<h2 class=\"wp-block-heading\">Inzet voor digitale toegankelijkheid<\/h2>\n\n\n\n<p class=\"has-custom-color-1-color has-text-color has-link-color wp-elements-3970b5f1656e39fbffc90f0f97d5b064\">Flower Campings verbindt zich ertoe haar websites toegankelijk te maken overeenkomstig artikel 47 van wet nr. 2005-102 van 11 februari 2005 en het R\u00e9f\u00e9rentiel G\u00e9n\u00e9ral d&#8217;Am\u00e9lioration de l&#8217;Accessibilit\u00e9 (RGAA 4.1).<\/p>\n\n\n\n<p class=\"has-custom-color-1-color has-text-color has-link-color wp-elements-e9c14966aaf08e980d7ee290d06f9cf0\">De websites van het Flower Campings netwerk zijn gebaseerd op een gemeenschappelijk sjabloon dat is ontworpen en ontwikkeld door het bureau Geek Tonic, waarbij al in de ontwerpfase rekening is gehouden met de beste praktijken op het gebied van digitale toegankelijkheid.<\/p>\n\n\n\n<p class=\"has-custom-color-1-color has-text-color has-link-color wp-elements-7a9b4d16a2fe4804a3f62d3281d91ae0\">Ons doel is om te voldoen aan de vereisten van RGAA 4.1 en de internationale WCAG 2.1 niveau AA aanbevelingen.<\/p>\n\n\n\n<h2 class=\"wp-block-heading\">Nalevingsstatus<\/h2>\n\n\n\n<p class=\"has-custom-color-1-color has-text-color has-link-color wp-elements-073e2b1dd1fd16e1879a084403e23648\">Tot op heden voldoet de locatie gedeeltelijk aan RGAA 4.1.<\/p>\n\n\n\n<p class=\"has-custom-color-1-color has-text-color has-link-color wp-elements-025985e42c625e09fa7a5bffef794f61\"><em>Deze verklaring is gebaseerd op :<\/em><\/p>\n\n\n\n<ul class=\"wp-block-list has-custom-color-1-color has-text-color has-link-color wp-elements-5ea01fd8a7ae8b59068a9891b409e9cb\">\n<li>Geautomatiseerde audits (met name met de WAVE-tool)<\/li>\n\n\n\n<li>Handmatige controles op structuur en navigatie<\/li>\n\n\n\n<li>Controles van de belangrijkste onderdelen van de sjabloon<\/li>\n\n\n\n<li>Aan de meeste essenti\u00eble criteria met betrekking tot structuur, formulieren, toetsenbordnavigatie en tekstalternatieven is voldaan.<\/li>\n\n\n\n<li>Bepaalde grafische beperkingen of elementen van derden kunnen nog worden verbeterd.<\/li>\n<\/ul>\n\n\n\n<p class=\"has-custom-color-1-color has-text-color has-link-color wp-elements-19a5b42d38f62fc8114d72eaa5961365\">Hier zijn de fundamentele regels van de RGAA \/ WCAG ge\u00efntegreerd in de sjabloon:<\/p>\n\n\n\n<ul class=\"wp-block-list has-custom-color-1-color has-text-color has-link-color wp-elements-612e24a9890d91d5d42f34cbbc0851fc\">\n<li>Structuur en navigatie<\/li>\n\n\n\n<li>Slechts \u00e9\u00e9n H1 per pagina<\/li>\n\n\n\n<li>Coherente hi\u00ebrarchie van titels zonder niveaus over te springen  <\/li>\n\n\n\n<li>Duidelijke visuele toetsenbordfocus-indicator  <\/li>\n<\/ul>\n\n\n\n<h3 class=\"wp-block-heading\">Afbeeldingen en media<\/h3>\n\n\n\n<ul class=\"wp-block-list has-custom-color-1-color has-text-color has-link-color wp-elements-30dc5f947811065965a809d6b0938a70\">\n<li>Informatiedragende afbeeldingen met relevant alt-attribuut<\/li>\n\n\n\n<li>Decoratieve afbeeldingen met alt=&#8221;&#8221; leeg  <\/li>\n\n\n\n<li>Geen informatie die alleen door kleur wordt overgebracht<\/li>\n<\/ul>\n\n\n\n<h3 class=\"wp-block-heading\">Formulieren<\/h3>\n\n\n\n<ul class=\"wp-block-list has-custom-color-1-color has-text-color has-link-color wp-elements-578593cf83412329422c7546a53498fb\">\n<li>Elk veld heeft een bijbehorend label via het for attribuut.<\/li>\n\n\n\n<li>Verplichte velden worden expliciet aangegeven<\/li>\n\n\n\n<li>Foutmeldingen zijn tekstueel en gemakkelijk te begrijpen<\/li>\n\n\n\n<li>Fouten zijn herkenbaar zonder alleen af te gaan op kleur<\/li>\n<\/ul>\n\n\n\n<h3 class=\"wp-block-heading\">Contrast en leesbaarheid<\/h3>\n\n\n\n<ul class=\"wp-block-list has-custom-color-1-color has-text-color has-link-color wp-elements-a06859312ae82fec06a39be3b67918f1\">\n<li>Tekst\/achtergrondcontrast \u2265 4,5:1 voor standaardtekst<\/li>\n\n\n\n<li>Contrast \u2265 3:1 voor grote teksten<\/li>\n\n\n\n<li>Tekstgrootte kan tot 200% worden aangepast zonder verlies van inhoud<\/li>\n\n\n\n<li>Geen tekst in afbeeldingen indien vermijdbaar<\/li>\n<\/ul>\n\n\n\n<h3 class=\"wp-block-heading\">Interactieve onderdelen<\/h3>\n\n\n\n<ul class=\"wp-block-list has-custom-color-1-color has-text-color has-link-color wp-elements-2d83577ada25e4ab7a81c1f9d6f13ffe\">\n<li>Duidelijk herkenbare knoppen en links<\/li>\n\n\n\n<li>Expliciete linktitels (geen &#8220;klik hier&#8221;)<\/li>\n<\/ul>\n\n\n\n<h3 class=\"wp-block-heading\">Gebruikte technologie\u00ebn<\/h3>\n\n\n\n<p class=\"has-custom-color-1-color has-text-color has-link-color wp-elements-c7af691d6f0b37cae056f00509a0b280\">De sites zijn gebaseerd op :<\/p>\n\n\n\n<ul class=\"wp-block-list has-custom-color-1-color has-text-color has-link-color wp-elements-1c05388cfa323cf4da21b1e66b426a74\">\n<li>HTML5<\/li>\n\n\n\n<li>CSS3<\/li>\n\n\n\n<li>JavaScript<\/li>\n\n\n\n<li>WordPress<\/li>\n<\/ul>\n\n\n\n<p class=\"has-custom-color-1-color has-text-color has-link-color wp-elements-3a73f709924c37ba581fcbc23c594dcf\">Ontwikkelingen voldoen waar nodig aan W3C-standaarden en ARIA-best practices.<\/p>\n\n\n\n<h3 class=\"wp-block-heading\">Extra faciliteiten<\/h3>\n\n\n\n<p class=\"has-custom-color-1-color has-text-color has-link-color wp-elements-6be5b6617caa784be6a411ed0b419738\">Met een displayaanpassingsmodule kunnen gebruikers bepaalde displayparameters aanpassen (contrast, tekstgrootte, enz.) om hun surfcomfort te verbeteren.<\/p>\n\n\n\n<h2 class=\"wp-block-heading\">Inhoud die niet onder de toegankelijkheidsverplichting valt<\/h2>\n\n\n\n<p class=\"has-custom-color-1-color has-text-color has-link-color wp-elements-bbfdc9d45a132f5e0137125675f93dcd\">Voldoet mogelijk niet volledig:<\/p>\n\n\n\n<ul class=\"wp-block-list has-custom-color-1-color has-text-color has-link-color wp-elements-5cd00c27795a759a38984c37ed019dfd\">\n<li>Inhoud van services van derden<\/li>\n\n\n\n<li>PDF-documenten geleverd door partners<\/li>\n<\/ul>\n\n\n\n<p class=\"has-custom-color-1-color has-text-color has-link-color wp-elements-985246c8561d7bb8fff69e9444d3ac3f\">Deze verklaring is opgesteld op 26\/02\/2026.<\/p>\n\n\n\n<p class=\"has-custom-color-1-color has-text-color has-link-color wp-elements-2a29e9d335340e5dd9fd9b2fb069dd69\">Het wordt regelmatig bijgewerkt naarmate de site zich ontwikkelt.<\/p>\n<\/div>\n<\/div>\n","protected":false},"excerpt":{"rendered":"<p>TOEGANKELIJKHEIDSVERKLARING Inzet voor digitale toegankelijkheid Flower Campings verbindt zich ertoe haar websites toegankelijk te maken overeenkomstig artikel 47 van wet nr. 2005-102 van 11 februari 2005 en het R\u00e9f\u00e9rentiel G\u00e9n\u00e9ral d&#8217;Am\u00e9lioration de l&#8217;Accessibilit\u00e9 (RGAA 4.1). De websites van het Flower Campings netwerk zijn gebaseerd op een gemeenschappelijk sjabloon dat is ontworpen en ontwikkeld door het [&hellip;]<\/p>\n","protected":false},"author":1,"featured_media":7078,"parent":0,"menu_order":0,"comment_status":"closed","ping_status":"closed","template":"","meta":{"_seopress_robots_primary_cat":"","_seopress_titles_title":"Verklaring digitale toegankelijkheid","_seopress_titles_desc":"Kampplaats Flower streeft naar optimale digitale toegankelijkheid en voldoet aan RGAA 4.1 en WCAG 2.1 niveau AA. Geniet van inclusief browsen. ","_seopress_robots_index":"yes","inline_featured_image":false,"gt_fse_maillage_image":"https:\/\/platinredoute.geek-tonic.dev\/wp-content\/uploads\/2026\/03\/phare-de-la-baleine-coucher-de-soleil-ile-de-re-region.jpg","gt_fse_maillage_titre":"Toegankelijkheid","gt_fse_maillage_alt":"vuurtoren van la baleine zonsondergang \u00eele de r\u00e9 regio","gt_fse_maillage_resume":"","footnotes":""},"categories":[],"tags":[],"class_list":["post-5443","page","type-page","status-publish","has-post-thumbnail","hentry"],"publishpress_future_action":{"enabled":false,"date":"2026-04-20 04:40:36","action":"change-status","newStatus":"draft","terms":[],"taxonomy":"category","extraData":[]},"publishpress_future_workflow_manual_trigger":{"enabledWorkflows":[]},"_links":{"self":[{"href":"https:\/\/platinredoute.geek-tonic.dev\/nl\/wp-json\/wp\/v2\/pages\/5443","targetHints":{"allow":["GET"]}}],"collection":[{"href":"https:\/\/platinredoute.geek-tonic.dev\/nl\/wp-json\/wp\/v2\/pages"}],"about":[{"href":"https:\/\/platinredoute.geek-tonic.dev\/nl\/wp-json\/wp\/v2\/types\/page"}],"author":[{"embeddable":true,"href":"https:\/\/platinredoute.geek-tonic.dev\/nl\/wp-json\/wp\/v2\/users\/1"}],"replies":[{"embeddable":true,"href":"https:\/\/platinredoute.geek-tonic.dev\/nl\/wp-json\/wp\/v2\/comments?post=5443"}],"version-history":[{"count":8,"href":"https:\/\/platinredoute.geek-tonic.dev\/nl\/wp-json\/wp\/v2\/pages\/5443\/revisions"}],"predecessor-version":[{"id":7581,"href":"https:\/\/platinredoute.geek-tonic.dev\/nl\/wp-json\/wp\/v2\/pages\/5443\/revisions\/7581"}],"wp:featuredmedia":[{"embeddable":true,"href":"https:\/\/platinredoute.geek-tonic.dev\/nl\/wp-json\/wp\/v2\/media\/7078"}],"wp:attachment":[{"href":"https:\/\/platinredoute.geek-tonic.dev\/nl\/wp-json\/wp\/v2\/media?parent=5443"}],"wp:term":[{"taxonomy":"category","embeddable":true,"href":"https:\/\/platinredoute.geek-tonic.dev\/nl\/wp-json\/wp\/v2\/categories?post=5443"},{"taxonomy":"post_tag","embeddable":true,"href":"https:\/\/platinredoute.geek-tonic.dev\/nl\/wp-json\/wp\/v2\/tags?post=5443"}],"curies":[{"name":"wp","href":"https:\/\/api.w.org\/{rel}","templated":true}]}}