{"id":7141,"date":"2026-03-16T10:22:13","date_gmt":"2026-03-16T09:22:13","guid":{"rendered":"https:\/\/platinredoute.geek-tonic.dev\/camping-espace-aquatique-rivedoux-plage\/"},"modified":"2026-03-27T16:02:52","modified_gmt":"2026-03-27T15:02:52","slug":"campsite-aquatic-area-rivedoux-plage","status":"publish","type":"page","link":"https:\/\/platinredoute.geek-tonic.dev\/en\/campsite-aquatic-area-rivedoux-plage\/","title":{"rendered":"Aquatic area"},"content":{"rendered":"\n<div class=\"wp-block-group section-6 has-custom-color-3-background-color has-background has-global-padding is-layout-constrained wp-container-core-group-is-layout-20238047 wp-block-group-is-layout-constrained\" style=\"margin-top:0px;margin-bottom:0px;padding-top:8rem;padding-right:15rem;padding-bottom:8rem;padding-left:15rem\">\n<div class=\"wp-block-group gt-reverse-mobile is-nowrap is-layout-flex wp-container-core-group-is-layout-90b6bdf5 wp-block-group-is-layout-flex\">\n<div class=\"wp-block-group has-global-padding is-layout-constrained wp-container-core-group-is-layout-7c250ea7 wp-block-group-is-layout-constrained\" style=\"margin-top:0px;margin-bottom:0px;padding-top:0;padding-right:0px;padding-bottom:0;padding-left:0px\">\n<div class=\"wp-block-group has-global-padding is-layout-constrained wp-container-core-group-is-layout-162f2a30 wp-block-group-is-layout-constrained\" style=\"margin-top:0px;margin-bottom:0px\">\n<div class=\"wp-block-group has-global-padding is-layout-constrained wp-container-core-group-is-layout-d6554d75 wp-block-group-is-layout-constrained\" style=\"margin-top:0px;margin-bottom:0px\">\n<div class=\"wp-block-cover is-light\" style=\"border-top-left-radius:10px;border-top-right-radius:10px;border-bottom-left-radius:10px;border-bottom-right-radius:10px\"><img loading=\"lazy\" decoding=\"async\" width=\"1920\" height=\"1440\" class=\"wp-block-cover__image-background wp-image-6752 size-full\" alt=\"piscine espace aquatique camping platin redoute\" src=\"https:\/\/platinredoute.geek-tonic.dev\/wp-content\/uploads\/2026\/03\/piscine-espace-aquatique-camping-platin-redoute.jpg\" data-object-fit=\"cover\" srcset=\"https:\/\/platinredoute.geek-tonic.dev\/wp-content\/uploads\/2026\/03\/piscine-espace-aquatique-camping-platin-redoute.jpg 1920w, https:\/\/platinredoute.geek-tonic.dev\/wp-content\/uploads\/2026\/03\/piscine-espace-aquatique-camping-platin-redoute-300x225.jpg 300w, https:\/\/platinredoute.geek-tonic.dev\/wp-content\/uploads\/2026\/03\/piscine-espace-aquatique-camping-platin-redoute-1024x768.jpg 1024w, https:\/\/platinredoute.geek-tonic.dev\/wp-content\/uploads\/2026\/03\/piscine-espace-aquatique-camping-platin-redoute-768x576.jpg 768w, https:\/\/platinredoute.geek-tonic.dev\/wp-content\/uploads\/2026\/03\/piscine-espace-aquatique-camping-platin-redoute-1536x1152.jpg 1536w\" sizes=\"auto, (max-width: 1920px) 100vw, 1920px\" \/><span aria-hidden=\"true\" class=\"wp-block-cover__background has-background-dim-0 has-background-dim\"><\/span><div class=\"wp-block-cover__inner-container has-global-padding is-layout-constrained wp-block-cover-is-layout-constrained\">\n<p class=\"has-text-align-center has-large-font-size\"><\/p>\n<\/div><\/div>\n<\/div>\n<\/div>\n<\/div>\n\n\n\n<div class=\"wp-block-group gt-reverse-mobile is-vertical is-layout-flex wp-container-core-group-is-layout-7857e36c wp-block-group-is-layout-flex\" style=\"padding-right:0px;padding-left:0px\">\n<div class=\"wp-block-group texte-deco has-global-padding is-content-justification-left is-layout-constrained wp-container-core-group-is-layout-d6fb7615 wp-block-group-is-layout-constrained\" style=\"margin-top:0px;margin-bottom:0px;padding-right:0px;padding-left:0px\">\n<p class=\"has-custom-color-1-color has-text-color has-link-color has-unbounded-font-family wp-elements-4140629ef68a403f4bdb85a28602ee0a\" style=\"font-size:clamp(2.499rem, 2.499rem + ((1vw - 0.2rem) * 3.652), 4.69rem);font-style:normal;font-weight:700;line-height:1\">Swimming<\/p>\n\n\n\n<p class=\"has-custom-color-1-color has-text-color has-link-color has-caveat-font-family wp-elements-bc2a7fad0f8c2547d927f12423dc6d0f\" style=\"margin-top:0px;margin-bottom:0px;font-size:clamp(3.159rem, 3.159rem + ((1vw - 0.2rem) * 5.252), 6.31rem);font-style:normal;font-weight:500;line-height:0.7\">with your family<\/p>\n<\/div>\n\n\n\n<div class=\"wp-block-group content has-base-2-background-color has-background has-global-padding is-layout-constrained wp-container-core-group-is-layout-69f271cb wp-block-group-is-layout-constrained\" style=\"border-top-left-radius:10px;border-top-right-radius:10px;border-bottom-left-radius:10px;border-bottom-right-radius:10px;margin-top:0px;margin-bottom:0px;padding-top:40px;padding-right:40px;padding-bottom:40px;padding-left:40px\">\n<h1 class=\"wp-block-heading has-custom-color-1-color has-text-color has-link-color wp-elements-e958c05bfe134fea3074602cfd35d774\">Campsite with heated swimming pool near Sainte-Marie-de-R\u00e9<\/h1>\n\n\n\n<p class=\"has-custom-color-1-color has-text-color\">At Le Platin &#8211; La Redoute, your <a href=\"https:\/\/platinredoute.geek-tonic.dev\/en\/\" data-type=\"page\" data-id=\"5\">campsite on the \u00cele de R\u00e9<\/a>, swimming is an integral part of your vacation. Our aquatic area, accessible to all campsite guests, promises moments of relaxation and family fun. With a <strong>heated outdoor pool<\/strong> and a <strong>paddling pool<\/strong> for the little ones, there&#8217;s something for everyone. Welcome to your campsite with heated swimming pool on L&#8217;\u00eele de r\u00e9.   <\/p>\n<\/div>\n<\/div>\n<\/div>\n<\/div>\n\n<div class=\"wp-block-group section-simple has-global-padding is-layout-constrained wp-container-core-group-is-layout-e8882e7b wp-block-group-is-layout-constrained\" style=\"margin-top:0px;margin-bottom:0px;padding-top:8rem;padding-right:15rem;padding-bottom:8rem;padding-left:15rem\">\n<div class=\"wp-block-columns are-vertically-aligned-top is-layout-flex wp-container-core-columns-is-layout-28f84493 wp-block-columns-is-layout-flex\">\n<div class=\"wp-block-column is-vertically-aligned-top is-layout-flow wp-block-column-is-layout-flow\">\n<div class=\"wp-block-group has-custom-color-3-background-color has-background has-global-padding is-layout-constrained wp-container-core-group-is-layout-3dcc9c70 wp-block-group-is-layout-constrained\" style=\"border-top-left-radius:10px;border-top-right-radius:10px;border-bottom-left-radius:10px;border-bottom-right-radius:10px;padding-top:40px;padding-right:40px;padding-bottom:40px;padding-left:40px\">\n<h2 class=\"wp-block-heading has-custom-color-1-color has-text-color has-link-color wp-elements-56e9ac2f6c9f4c4ac383cccff1433c34\">Campsite with swimming pool outdoor heated on L&#8217;\u00eele de r\u00e9<\/h2>\n\n\n\n<p class=\"has-custom-color-1-color has-text-color\">Take a dip in our <strong>250 m\u00b2 heated outdoor swimming pool<\/strong>, open from May 8.<\/p>\n\n\n\n<p class=\"has-custom-color-1-color has-text-color\">Whether the sky is blue or slightly overcast, the water is just the right temperature for swimming throughout your stay.<\/p>\n\n\n\n<p class=\"has-custom-color-1-color has-text-color\">Swim a few laps in the morning, enjoy a family game in the afternoon or simply cool off after a bike ride on the L&#8217;\u00eele de r\u00e9: the heated swimming pool is the <strong>heart of <\/strong>the campsite.<\/p>\n<\/div>\n<\/div>\n\n\n\n<div class=\"wp-block-column is-vertically-aligned-top is-layout-flow wp-block-column-is-layout-flow\">\n<figure class=\"wp-block-image size-full has-custom-border\"><img loading=\"lazy\" decoding=\"async\" width=\"1920\" height=\"1440\" src=\"https:\/\/platinredoute.geek-tonic.dev\/wp-content\/uploads\/2026\/03\/piscine-bordure-camping-espace-aquatique.jpg\" alt=\"swimming pool camping espace aquatique\" class=\"wp-image-6747\" style=\"border-top-left-radius:10px;border-top-right-radius:10px;border-bottom-left-radius:10px;border-bottom-right-radius:10px;aspect-ratio:16\/9;object-fit:cover\" srcset=\"https:\/\/platinredoute.geek-tonic.dev\/wp-content\/uploads\/2026\/03\/piscine-bordure-camping-espace-aquatique.jpg 1920w, https:\/\/platinredoute.geek-tonic.dev\/wp-content\/uploads\/2026\/03\/piscine-bordure-camping-espace-aquatique-300x225.jpg 300w, https:\/\/platinredoute.geek-tonic.dev\/wp-content\/uploads\/2026\/03\/piscine-bordure-camping-espace-aquatique-1024x768.jpg 1024w, https:\/\/platinredoute.geek-tonic.dev\/wp-content\/uploads\/2026\/03\/piscine-bordure-camping-espace-aquatique-768x576.jpg 768w, https:\/\/platinredoute.geek-tonic.dev\/wp-content\/uploads\/2026\/03\/piscine-bordure-camping-espace-aquatique-1536x1152.jpg 1536w\" sizes=\"auto, (max-width: 1920px) 100vw, 1920px\" \/><\/figure>\n<\/div>\n<\/div>\n<\/div>\n\n<div class=\"wp-block-group section-4 has-global-padding is-layout-constrained wp-container-core-group-is-layout-07b29094 wp-block-group-is-layout-constrained\" style=\"margin-top:0px;margin-bottom:0px;padding-right:0px;padding-left:0px\">\n<div class=\"wp-block-group banner has-global-padding is-layout-constrained wp-container-core-group-is-layout-07b29094 wp-block-group-is-layout-constrained\" style=\"margin-top:0px;margin-bottom:0px;padding-right:0px;padding-left:0px\">\n<div class=\"wp-block-cover\" style=\"margin-top:0px;margin-bottom:0px;padding-top:0px;padding-right:0px;padding-bottom:0px;padding-left:0px;min-height:90vh;aspect-ratio:unset;\"><img loading=\"lazy\" decoding=\"async\" width=\"1920\" height=\"1440\" class=\"wp-block-cover__image-background wp-image-6707 size-full\" alt=\"piscine camping platin redoute espace aquatique soleil\" src=\"https:\/\/platinredoute.geek-tonic.dev\/wp-content\/uploads\/2026\/03\/piscine-camping-platin-redoute-espace-aquatique-soleil.jpg\" data-object-fit=\"cover\" srcset=\"https:\/\/platinredoute.geek-tonic.dev\/wp-content\/uploads\/2026\/03\/piscine-camping-platin-redoute-espace-aquatique-soleil.jpg 1920w, https:\/\/platinredoute.geek-tonic.dev\/wp-content\/uploads\/2026\/03\/piscine-camping-platin-redoute-espace-aquatique-soleil-300x225.jpg 300w, https:\/\/platinredoute.geek-tonic.dev\/wp-content\/uploads\/2026\/03\/piscine-camping-platin-redoute-espace-aquatique-soleil-1024x768.jpg 1024w, https:\/\/platinredoute.geek-tonic.dev\/wp-content\/uploads\/2026\/03\/piscine-camping-platin-redoute-espace-aquatique-soleil-768x576.jpg 768w, https:\/\/platinredoute.geek-tonic.dev\/wp-content\/uploads\/2026\/03\/piscine-camping-platin-redoute-espace-aquatique-soleil-1536x1152.jpg 1536w\" sizes=\"auto, (max-width: 1920px) 100vw, 1920px\" \/><span aria-hidden=\"true\" class=\"wp-block-cover__background has-background-dim-100 has-background-dim wp-block-cover__gradient-background has-background-gradient\" style=\"background:linear-gradient(0deg,rgb(6,54,122) 0%,rgba(255,255,255,0) 30%)\"><\/span><div class=\"wp-block-cover__inner-container has-global-padding is-layout-constrained wp-container-core-cover-is-layout-8b154107 wp-block-cover-is-layout-constrained\">\n<p class=\"has-text-align-center has-large-font-size\"><\/p>\n<\/div><\/div>\n<\/div>\n\n\n\n<div class=\"wp-block-group content has-custom-color-1-background-color has-background has-global-padding is-layout-constrained wp-container-core-group-is-layout-d4ecddba wp-block-group-is-layout-constrained\" style=\"margin-top:0px;margin-bottom:0px;padding-top:6rem;padding-right:15rem;padding-bottom:6rem;padding-left:15rem\">\n<h2 class=\"wp-block-heading has-custom-color-2-color has-text-color has-link-color wp-elements-668f1e40919df9dc925b40066f4d7b7f\">Safe paddling pool for your children<\/h2>\n\n\n\n<p class=\"has-base-2-color has-text-color has-link-color wp-elements-e66ff8cb7c5c01a59eaf9540ba2b476f\">Your children&#8217;s first splashes deserve a <strong>safe, suitable space<\/strong>. The paddling pool at our campsite with heated pool near Sainte-Marie-de-R\u00e9 is specially designed for toddlers. They can splash about, play and discover the pleasures of water under your watchful eye.  <\/p>\n\n\n\n<p class=\"has-base-2-color has-text-color has-link-color wp-elements-38c1aa9c02e0afbb0e0d6fae8b57d747\">While your children enjoy themselves in complete safety, you can <strong>keep an eye on them from the edge of the pool<\/strong>. Simple, precious moments, lulled by the laughter and sunshine of Charente-Maritime. <\/p>\n<\/div>\n<\/div>\n\n<div class=\"wp-block-group section-simple has-custom-color-2-background-color has-background has-global-padding is-layout-constrained wp-container-core-group-is-layout-e8882e7b wp-block-group-is-layout-constrained\" style=\"margin-top:0px;margin-bottom:0px;padding-top:8rem;padding-right:15rem;padding-bottom:8rem;padding-left:15rem\">\n<div class=\"wp-block-columns are-vertically-aligned-top is-layout-flex wp-container-core-columns-is-layout-28f84493 wp-block-columns-is-layout-flex\">\n<div class=\"wp-block-column is-vertically-aligned-top is-layout-flow wp-block-column-is-layout-flow\">\n<figure class=\"wp-block-image size-full has-custom-border\"><img loading=\"lazy\" decoding=\"async\" width=\"1920\" height=\"1280\" src=\"https:\/\/platinredoute.geek-tonic.dev\/wp-content\/uploads\/2026\/03\/transats-bronzer-piscine-camping.jpg\" alt=\"sun loungers swimming pool camping\" class=\"wp-image-6750\" style=\"border-top-left-radius:10px;border-top-right-radius:10px;border-bottom-left-radius:10px;border-bottom-right-radius:10px;aspect-ratio:16\/9;object-fit:cover\" srcset=\"https:\/\/platinredoute.geek-tonic.dev\/wp-content\/uploads\/2026\/03\/transats-bronzer-piscine-camping.jpg 1920w, https:\/\/platinredoute.geek-tonic.dev\/wp-content\/uploads\/2026\/03\/transats-bronzer-piscine-camping-300x200.jpg 300w, https:\/\/platinredoute.geek-tonic.dev\/wp-content\/uploads\/2026\/03\/transats-bronzer-piscine-camping-1024x683.jpg 1024w, https:\/\/platinredoute.geek-tonic.dev\/wp-content\/uploads\/2026\/03\/transats-bronzer-piscine-camping-768x512.jpg 768w, https:\/\/platinredoute.geek-tonic.dev\/wp-content\/uploads\/2026\/03\/transats-bronzer-piscine-camping-1536x1024.jpg 1536w\" sizes=\"auto, (max-width: 1920px) 100vw, 1920px\" \/><\/figure>\n<\/div>\n\n\n\n<div class=\"wp-block-column is-vertically-aligned-top is-layout-flow wp-block-column-is-layout-flow\">\n<div class=\"wp-block-group has-base-2-background-color has-background has-global-padding is-layout-constrained wp-container-core-group-is-layout-3dcc9c70 wp-block-group-is-layout-constrained\" style=\"border-top-left-radius:10px;border-top-right-radius:10px;border-bottom-left-radius:10px;border-bottom-right-radius:10px;padding-top:40px;padding-right:40px;padding-bottom:40px;padding-left:40px\">\n<h2 class=\"wp-block-heading has-custom-color-1-color has-text-color has-link-color wp-elements-f76576d96536a86e9a7c57818c7860d2\">Comfortable deckchairs <br\/>for sunbathing<\/h2>\n\n\n\n<p class=\"has-custom-color-1-color has-text-color\">After your swim, make yourself comfortable on our <strong>poolside loungers<\/strong>.<\/p>\n\n\n\n<p class=\"has-custom-color-1-color has-text-color\">The Retais sunshine does the rest. Immerse yourself in a good novel, close your eyes for a few moments or simply enjoy the calm of the moment. <\/p>\n\n\n\n<p class=\"has-custom-color-1-color has-text-color\">And if you prefer sand, the North Beach is directly accessible from the campsite.<\/p>\n\n\n\n<p class=\"has-custom-color-1-color has-text-color\">Swimming pool in the morning, beach in the afternoon: it&#8217;s up to you to create <strong>your ideal day<\/strong>.<\/p>\n<\/div>\n<\/div>\n<\/div>\n<\/div>\n\n<div class=\"wp-block-group section-maillage has-custom-color-3-background-color has-background has-global-padding is-layout-constrained wp-container-core-group-is-layout-20238047 wp-block-group-is-layout-constrained\" style=\"margin-top:0px;margin-bottom:0px;padding-top:8rem;padding-right:15rem;padding-bottom:8rem;padding-left:15rem\">\n<div class=\"wp-block-group texte-deco is-layout-flow wp-block-group-is-layout-flow\">\n<p class=\"has-text-align-center has-custom-color-1-color has-text-color has-link-color has-unbounded-font-family wp-elements-7c342def07564ec6ffc4f9b004b33a7a\" style=\"font-size:clamp(1.976rem, 1.976rem + ((1vw - 0.2rem) * 2.54), 3.5rem);font-style:normal;font-weight:700;line-height:1\">Discover<\/p>\n\n\n\n<p class=\"has-text-align-center has-custom-color-1-color has-text-color has-link-color has-caveat-font-family wp-elements-ce3392f5c09fe2564c608171ac880b7f\" style=\"margin-top:0px;margin-bottom:0px;font-size:clamp(2.758rem, 2.758rem + ((1vw - 0.2rem) * 4.253), 5.31rem);font-style:normal;font-weight:500;line-height:0.7\">more<\/p>\n<\/div>\n\n\n\n<div data-wp-context=\"{}\" data-wp-interactive=\"core\/query\" data-wp-key=\"0\" data-wp-router-region=\"query-0\" class=\"wp-block-query alignwide gt-fse-maillage-query is-layout-flow wp-block-query-is-layout-flow\"><ul class=\"columns-3 wp-block-post-template is-layout-grid wp-container-core-post-template-is-layout-6d3fbd8f wp-block-post-template-is-layout-grid\"><li data-wp-key=\"post-template-item-7254\" class=\"wp-block-post post-7254 page type-page status-publish has-post-thumbnail hentry\">\n<a href=\"https:\/\/platinredoute.geek-tonic.dev\/en\/mobile-home-rental-rivedoux-plage\/\"    class=\"wp-block-tiptip-hyperlink-group-block\" >\n<figure class=\"wp-block-image size-full is-resized\"><img loading=\"lazy\" decoding=\"async\" width=\"367\" height=\"318\" src=\"https:\/\/platinredoute.geek-tonic.dev\/wp-content\/uploads\/2025\/12\/grosse-fleur-jaune.svg\" alt=\"large yellow flower\" class=\"wp-image-143\" style=\"object-fit:contain;width:50px;height:50px\"\/><\/figure>\n\n<figure class=\"wp-block-image has-custom-border gt-maillage__image\"><img decoding=\"async\" src=\"https:\/\/platinredoute.geek-tonic.dev\/wp-content\/uploads\/2026\/03\/mobil-home-flower-la-redoute-camping-.jpg\" alt=\"mobile home flower la redoute camping\" style=\"border-style:none;border-width:0px;border-top-left-radius:10px;border-top-right-radius:10px;border-bottom-left-radius:10px;border-bottom-right-radius:10px\"\/><\/figure>\n\n<p class=\"has-text-align-center has-custom-color-1-color has-text-color has-link-color has-unbounded-font-family wp-elements-6527d65a79d544105f2c7aa114e49b0c\" style=\"font-size:clamp(1.25rem, 1.25rem + ((1vw - 0.2rem) * 1.25), 2rem);line-height:1.1\">Our rentals<\/p>\n<\/a>\n<\/li><li data-wp-key=\"post-template-item-7213\" class=\"wp-block-post post-7213 page type-page status-publish has-post-thumbnail hentry\">\n<a href=\"https:\/\/platinredoute.geek-tonic.dev\/en\/family-campsite-rivedoux-plage\/\"    class=\"wp-block-tiptip-hyperlink-group-block\" >\n<figure class=\"wp-block-image size-full is-resized\"><img loading=\"lazy\" decoding=\"async\" width=\"367\" height=\"318\" src=\"https:\/\/platinredoute.geek-tonic.dev\/wp-content\/uploads\/2025\/12\/grosse-fleur-jaune.svg\" alt=\"large yellow flower\" class=\"wp-image-143\" style=\"object-fit:contain;width:50px;height:50px\"\/><\/figure>\n\n<figure class=\"wp-block-image has-custom-border gt-maillage__image\"><img decoding=\"async\" src=\"https:\/\/platinredoute.geek-tonic.dev\/wp-content\/uploads\/2026\/03\/camping-platin-redoute-bord-de-mer-acces-plage.jpg\" alt=\"camping platin redoute bord de mer acc\u00e8s plage\" style=\"border-style:none;border-width:0px;border-top-left-radius:10px;border-top-right-radius:10px;border-bottom-left-radius:10px;border-bottom-right-radius:10px\"\/><\/figure>\n\n<p class=\"has-text-align-center has-custom-color-1-color has-text-color has-link-color has-unbounded-font-family wp-elements-6527d65a79d544105f2c7aa114e49b0c\" style=\"font-size:clamp(1.25rem, 1.25rem + ((1vw - 0.2rem) * 1.25), 2rem);line-height:1.1\">Services and activities<\/p>\n<\/a>\n<\/li><li data-wp-key=\"post-template-item-7187\" class=\"wp-block-post post-7187 page type-page status-publish has-post-thumbnail hentry\">\n<a href=\"https:\/\/platinredoute.geek-tonic.dev\/en\/seaside-campsite-rivedoux-plage\/\"    class=\"wp-block-tiptip-hyperlink-group-block\" >\n<figure class=\"wp-block-image size-full is-resized\"><img loading=\"lazy\" decoding=\"async\" width=\"367\" height=\"318\" src=\"https:\/\/platinredoute.geek-tonic.dev\/wp-content\/uploads\/2025\/12\/grosse-fleur-jaune.svg\" alt=\"large yellow flower\" class=\"wp-image-143\" style=\"object-fit:contain;width:50px;height:50px\"\/><\/figure>\n\n<figure class=\"wp-block-image has-custom-border gt-maillage__image\"><img decoding=\"async\" src=\"https:\/\/platinredoute.geek-tonic.dev\/wp-content\/uploads\/2026\/03\/camping-bord-de-mer-rivedoux-plage-ile-de-re.jpg\" alt=\"Seaside\" style=\"border-style:none;border-width:0px;border-top-left-radius:10px;border-top-right-radius:10px;border-bottom-left-radius:10px;border-bottom-right-radius:10px\"\/><\/figure>\n\n<p class=\"has-text-align-center has-custom-color-1-color has-text-color has-link-color has-unbounded-font-family wp-elements-6527d65a79d544105f2c7aa114e49b0c\" style=\"font-size:clamp(1.25rem, 1.25rem + ((1vw - 0.2rem) * 1.25), 2rem);line-height:1.1\">Seaside<\/p>\n<\/a>\n<\/li><\/ul><\/div>\n<\/div>\n","protected":false},"excerpt":{"rendered":"<p>Swimming with your family Campsite with heated swimming pool near Sainte-Marie-de-R\u00e9 At Le Platin &#8211; La Redoute, your campsite on the \u00cele de R\u00e9, swimming is an integral part of your vacation. Our aquatic area, accessible to all campsite guests, promises moments of relaxation and family fun. With a heated outdoor pool and a paddling [&hellip;]<\/p>\n","protected":false},"author":1,"featured_media":7144,"parent":0,"menu_order":0,"comment_status":"closed","ping_status":"closed","template":"","meta":{"_seopress_robots_primary_cat":"","_seopress_titles_title":"Camping swimming pool \u00cele R\u00e9 | Aquatic area St-Marie-de-R\u00e9","_seopress_titles_desc":"Enjoy a family swim at camping Le Platin - La Redoute: heated swimming pool and paddling pool for an unforgettable vacation near Sainte-Marie-de-R\u00e9.","_seopress_robots_index":"","inline_featured_image":false,"gt_fse_maillage_image":"https:\/\/platinredoute.geek-tonic.dev\/wp-content\/uploads\/2026\/03\/piscine-camping-platin-redoute-espace-aquatique-soleil.jpg","gt_fse_maillage_titre":"Aquatic area","gt_fse_maillage_alt":"Aquatic area","gt_fse_maillage_resume":"","footnotes":""},"categories":[],"tags":[],"class_list":["post-7141","page","type-page","status-publish","has-post-thumbnail","hentry"],"publishpress_future_action":{"enabled":false,"date":"2026-04-20 02:57:06","action":"change-status","newStatus":"draft","terms":[],"taxonomy":"category","extraData":[]},"publishpress_future_workflow_manual_trigger":{"enabledWorkflows":[]},"_links":{"self":[{"href":"https:\/\/platinredoute.geek-tonic.dev\/en\/wp-json\/wp\/v2\/pages\/7141","targetHints":{"allow":["GET"]}}],"collection":[{"href":"https:\/\/platinredoute.geek-tonic.dev\/en\/wp-json\/wp\/v2\/pages"}],"about":[{"href":"https:\/\/platinredoute.geek-tonic.dev\/en\/wp-json\/wp\/v2\/types\/page"}],"author":[{"embeddable":true,"href":"https:\/\/platinredoute.geek-tonic.dev\/en\/wp-json\/wp\/v2\/users\/1"}],"replies":[{"embeddable":true,"href":"https:\/\/platinredoute.geek-tonic.dev\/en\/wp-json\/wp\/v2\/comments?post=7141"}],"version-history":[{"count":5,"href":"https:\/\/platinredoute.geek-tonic.dev\/en\/wp-json\/wp\/v2\/pages\/7141\/revisions"}],"predecessor-version":[{"id":7636,"href":"https:\/\/platinredoute.geek-tonic.dev\/en\/wp-json\/wp\/v2\/pages\/7141\/revisions\/7636"}],"wp:featuredmedia":[{"embeddable":true,"href":"https:\/\/platinredoute.geek-tonic.dev\/en\/wp-json\/wp\/v2\/media\/7144"}],"wp:attachment":[{"href":"https:\/\/platinredoute.geek-tonic.dev\/en\/wp-json\/wp\/v2\/media?parent=7141"}],"wp:term":[{"taxonomy":"category","embeddable":true,"href":"https:\/\/platinredoute.geek-tonic.dev\/en\/wp-json\/wp\/v2\/categories?post=7141"},{"taxonomy":"post_tag","embeddable":true,"href":"https:\/\/platinredoute.geek-tonic.dev\/en\/wp-json\/wp\/v2\/tags?post=7141"}],"curies":[{"name":"wp","href":"https:\/\/api.w.org\/{rel}","templated":true}]}}