{"id":5441,"date":"2026-02-26T08:52:46","date_gmt":"2026-02-26T07:52:46","guid":{"rendered":"https:\/\/platinredoute.geek-tonic.dev\/rgaa\/"},"modified":"2026-03-27T15:01:45","modified_gmt":"2026-03-27T14:01:45","slug":"accessibility-compliance","status":"publish","type":"page","link":"https:\/\/platinredoute.geek-tonic.dev\/en\/accessibility-compliance\/","title":{"rendered":"Digital accessibility declaration"},"content":{"rendered":"\n<div class=\"wp-block-group section-6 has-custom-color-3-background-color has-background has-global-padding is-layout-constrained wp-container-core-group-is-layout-de244258 wp-block-group-is-layout-constrained\" style=\"margin-top:0px;margin-bottom:0px;padding-top:4rem;padding-right:15rem;padding-bottom:8rem;padding-left:15rem\">\n<div class=\"wp-block-group content has-base-2-background-color has-background has-global-padding is-layout-constrained wp-container-core-group-is-layout-2254dfbc wp-block-group-is-layout-constrained\" style=\"border-top-left-radius:10px;border-top-right-radius:10px;border-bottom-left-radius:10px;border-bottom-right-radius:10px;margin-top:0px;margin-bottom:0px;padding-top:39px;padding-right:40px;padding-bottom:40px;padding-left:40px\">\n<h1 class=\"wp-block-heading\">ACCESSIBILITY STATEMENT<\/h1>\n\n\n\n<h2 class=\"wp-block-heading\">Commitment to digital accessibility<\/h2>\n\n\n\n<p class=\"has-custom-color-1-color has-text-color has-link-color wp-elements-5b443b242dcd09876725f31601432177\">Flower Campings undertakes to make its websites accessible in accordance with article 47 of law no. 2005-102 of February 11, 2005 and the R\u00e9f\u00e9rentiel G\u00e9n\u00e9ral d&#8217;Am\u00e9lioration de l&#8217;Accessibilit\u00e9 (RGAA 4.1).<\/p>\n\n\n\n<p class=\"has-custom-color-1-color has-text-color has-link-color wp-elements-d1800ad007c9ef0f66dfa637916d1dc0\">The Flower Campings network sites are based on a common template designed and developed by the Geek Tonic agency, integrating digital accessibility best practices right from the design stage.<\/p>\n\n\n\n<p class=\"has-custom-color-1-color has-text-color has-link-color wp-elements-8ba1072a170424af107053aa73556a89\">Our aim is to comply with the requirements of RGAA 4.1 and the international WCAG 2.1 level AA recommendations.<\/p>\n\n\n\n<h2 class=\"wp-block-heading\">Compliance status<\/h2>\n\n\n\n<p class=\"has-custom-color-1-color has-text-color has-link-color wp-elements-c608629ce6680565d7153404e7ac0a7a\">To date, the site is partially compliant with RGAA 4.1.<\/p>\n\n\n\n<p class=\"has-custom-color-1-color has-text-color has-link-color wp-elements-79364984f96ba2b5c59712f965031694\"><em>This statement is based on :<\/em><\/p>\n\n\n\n<ul class=\"wp-block-list has-custom-color-1-color has-text-color has-link-color wp-elements-2ef2eab274254183febabc47d7f1478a\">\n<li>Automated audits (in particular via the WAVE tool)<\/li>\n\n\n\n<li>Manual structure and navigation checks<\/li>\n\n\n\n<li>Controls on the template&#8217;s main components<\/li>\n\n\n\n<li>Most of the essential criteria relating to structure, forms, keyboard navigation and text alternatives have been met.<\/li>\n\n\n\n<li>There may still be room for improvement in certain graphic constraints or third-party elements.<\/li>\n<\/ul>\n\n\n\n<p class=\"has-custom-color-1-color has-text-color has-link-color wp-elements-8050d220d83728bc2408679f0d5d91d7\">Here are the fundamental rules of the RGAA \/ WCAG integrated into the template:<\/p>\n\n\n\n<ul class=\"wp-block-list has-custom-color-1-color has-text-color has-link-color wp-elements-57ebf4533b8538a6622706aa5e57d514\">\n<li>Structure and navigation<\/li>\n\n\n\n<li>Only one H1 per page<\/li>\n\n\n\n<li>Consistent hierarchy of titles without jumping levels  <\/li>\n\n\n\n<li>Clear visual keyboard focus indicator  <\/li>\n<\/ul>\n\n\n\n<h3 class=\"wp-block-heading\">Images and media<\/h3>\n\n\n\n<ul class=\"wp-block-list has-custom-color-1-color has-text-color has-link-color wp-elements-4727fc22c111d1c8934b9df23ccb3125\">\n<li>Information-bearing images with relevant alt attribute<\/li>\n\n\n\n<li>Decorative images with alt=&#8221;&#8221; empty  <\/li>\n\n\n\n<li>No information transmitted by color alone<\/li>\n<\/ul>\n\n\n\n<h3 class=\"wp-block-heading\">Forms<\/h3>\n\n\n\n<ul class=\"wp-block-list has-custom-color-1-color has-text-color has-link-color wp-elements-1dcbefc052e18e6b8320e20c9fc96e34\">\n<li>Each field has an associated label via the for attribute.<\/li>\n\n\n\n<li>Mandatory fields are explicitly indicated<\/li>\n\n\n\n<li>Error messages are textual and easy to understand<\/li>\n\n\n\n<li>Errors are identifiable without depending on color alone<\/li>\n<\/ul>\n\n\n\n<h3 class=\"wp-block-heading\">Contrast and legibility<\/h3>\n\n\n\n<ul class=\"wp-block-list has-custom-color-1-color has-text-color has-link-color wp-elements-f7d7487e6a38eb2369956c806674cf9c\">\n<li>Text\/background contrast \u2265 4.5:1 for standard text<\/li>\n\n\n\n<li>Contrast \u2265 3:1 for large texts<\/li>\n\n\n\n<li>Text size can be resized up to 200% without loss of content<\/li>\n\n\n\n<li>No text embedded in images if avoidable<\/li>\n<\/ul>\n\n\n\n<h3 class=\"wp-block-heading\">Interactive components<\/h3>\n\n\n\n<ul class=\"wp-block-list has-custom-color-1-color has-text-color has-link-color wp-elements-b3ad95f498b00a02a78157a374f85802\">\n<li>Clearly identifiable buttons and links<\/li>\n\n\n\n<li>Explicit link titles (no &#8220;click here&#8221;)<\/li>\n<\/ul>\n\n\n\n<h3 class=\"wp-block-heading\">Technologies used<\/h3>\n\n\n\n<p class=\"has-custom-color-1-color has-text-color has-link-color wp-elements-c0383ca0867cbbfd97da2e2e29811bd5\">The sites are based on :<\/p>\n\n\n\n<ul class=\"wp-block-list has-custom-color-1-color has-text-color has-link-color wp-elements-1c05388cfa323cf4da21b1e66b426a74\">\n<li>HTML5<\/li>\n\n\n\n<li>CSS3<\/li>\n\n\n\n<li>JavaScript<\/li>\n\n\n\n<li>WordPress<\/li>\n<\/ul>\n\n\n\n<p class=\"has-custom-color-1-color has-text-color has-link-color wp-elements-91a5c211b1faecddacc546e2ff27e4e9\">Developments comply with W3C standards and ARIA best practices where necessary.<\/p>\n\n\n\n<h3 class=\"wp-block-heading\">Additional features<\/h3>\n\n\n\n<p class=\"has-custom-color-1-color has-text-color has-link-color wp-elements-e7dbed5d0bca70897bb8bcfbbe98f465\">A display adaptation module can enable users to adjust certain display parameters (contrast, text size, etc.) to improve their browsing comfort.<\/p>\n\n\n\n<h2 class=\"wp-block-heading\">Content not subject to accessibility requirements<\/h2>\n\n\n\n<p class=\"has-custom-color-1-color has-text-color has-link-color wp-elements-0bd54a72c256cb615b777a75449de3f0\">May not be fully compliant:<\/p>\n\n\n\n<ul class=\"wp-block-list has-custom-color-1-color has-text-color has-link-color wp-elements-4c013a28227336c67dae4078949f1b83\">\n<li>Content from third-party services<\/li>\n\n\n\n<li>PDF documents provided by partners<\/li>\n<\/ul>\n\n\n\n<p class=\"has-custom-color-1-color has-text-color has-link-color wp-elements-774675025064d79f419776349f40fcc8\">This declaration was issued on 26\/02\/2026.<\/p>\n\n\n\n<p class=\"has-custom-color-1-color has-text-color has-link-color wp-elements-12ec888a36841d431289de4417067e91\">It is updated regularly as the site evolves.<\/p>\n<\/div>\n<\/div>\n","protected":false},"excerpt":{"rendered":"<p>ACCESSIBILITY STATEMENT Commitment to digital accessibility Flower Campings undertakes to make its websites accessible in accordance with article 47 of law no. 2005-102 of February 11, 2005 and the R\u00e9f\u00e9rentiel G\u00e9n\u00e9ral d&#8217;Am\u00e9lioration de l&#8217;Accessibilit\u00e9 (RGAA 4.1). The Flower Campings network sites are based on a common template designed and developed by the Geek Tonic agency, [&hellip;]<\/p>\n","protected":false},"author":1,"featured_media":7077,"parent":0,"menu_order":0,"comment_status":"closed","ping_status":"closed","template":"","meta":{"_seopress_robots_primary_cat":"","_seopress_titles_title":"Digital accessibility declaration","_seopress_titles_desc":"Flower Campings is committed to optimal digital accessibility, complying with RGAA 4.1 and WCAG 2.1 level AA. Enjoy inclusive browsing. ","_seopress_robots_index":"yes","inline_featured_image":false,"gt_fse_maillage_image":"https:\/\/platinredoute.geek-tonic.dev\/wp-content\/uploads\/2026\/03\/phare-de-la-baleine-coucher-de-soleil-ile-de-re-region.jpg","gt_fse_maillage_titre":"Accessibility compliance","gt_fse_maillage_alt":"lighthouse de la baleine sunset \u00eele de r\u00e9 region","gt_fse_maillage_resume":"","footnotes":""},"categories":[],"tags":[],"class_list":["post-5441","page","type-page","status-publish","has-post-thumbnail","hentry"],"publishpress_future_action":{"enabled":false,"date":"2026-04-20 02:57:08","action":"change-status","newStatus":"draft","terms":[],"taxonomy":"category","extraData":[]},"publishpress_future_workflow_manual_trigger":{"enabledWorkflows":[]},"_links":{"self":[{"href":"https:\/\/platinredoute.geek-tonic.dev\/en\/wp-json\/wp\/v2\/pages\/5441","targetHints":{"allow":["GET"]}}],"collection":[{"href":"https:\/\/platinredoute.geek-tonic.dev\/en\/wp-json\/wp\/v2\/pages"}],"about":[{"href":"https:\/\/platinredoute.geek-tonic.dev\/en\/wp-json\/wp\/v2\/types\/page"}],"author":[{"embeddable":true,"href":"https:\/\/platinredoute.geek-tonic.dev\/en\/wp-json\/wp\/v2\/users\/1"}],"replies":[{"embeddable":true,"href":"https:\/\/platinredoute.geek-tonic.dev\/en\/wp-json\/wp\/v2\/comments?post=5441"}],"version-history":[{"count":8,"href":"https:\/\/platinredoute.geek-tonic.dev\/en\/wp-json\/wp\/v2\/pages\/5441\/revisions"}],"predecessor-version":[{"id":7583,"href":"https:\/\/platinredoute.geek-tonic.dev\/en\/wp-json\/wp\/v2\/pages\/5441\/revisions\/7583"}],"wp:featuredmedia":[{"embeddable":true,"href":"https:\/\/platinredoute.geek-tonic.dev\/en\/wp-json\/wp\/v2\/media\/7077"}],"wp:attachment":[{"href":"https:\/\/platinredoute.geek-tonic.dev\/en\/wp-json\/wp\/v2\/media?parent=5441"}],"wp:term":[{"taxonomy":"category","embeddable":true,"href":"https:\/\/platinredoute.geek-tonic.dev\/en\/wp-json\/wp\/v2\/categories?post=5441"},{"taxonomy":"post_tag","embeddable":true,"href":"https:\/\/platinredoute.geek-tonic.dev\/en\/wp-json\/wp\/v2\/tags?post=5441"}],"curies":[{"name":"wp","href":"https:\/\/api.w.org\/{rel}","templated":true}]}}