{"id":7140,"date":"2026-03-16T10:22:13","date_gmt":"2026-03-16T09:22:13","guid":{"rendered":"https:\/\/platinredoute.geek-tonic.dev\/camping-espace-aquatique-rivedoux-plage\/"},"modified":"2026-03-27T16:03:17","modified_gmt":"2026-03-27T15:03:17","slug":"campingplatz-wasserlandschaft-rivedoux-plage","status":"publish","type":"page","link":"https:\/\/platinredoute.geek-tonic.dev\/de\/campingplatz-wasserlandschaft-rivedoux-plage\/","title":{"rendered":"Wasserpark"},"content":{"rendered":"\n<div class=\"wp-block-group section-6 has-custom-color-3-background-color has-background has-global-padding is-layout-constrained wp-container-core-group-is-layout-20238047 wp-block-group-is-layout-constrained\" style=\"margin-top:0px;margin-bottom:0px;padding-top:8rem;padding-right:15rem;padding-bottom:8rem;padding-left:15rem\">\n<div class=\"wp-block-group gt-reverse-mobile is-nowrap is-layout-flex wp-container-core-group-is-layout-90b6bdf5 wp-block-group-is-layout-flex\">\n<div class=\"wp-block-group has-global-padding is-layout-constrained wp-container-core-group-is-layout-7c250ea7 wp-block-group-is-layout-constrained\" style=\"margin-top:0px;margin-bottom:0px;padding-top:0;padding-right:0px;padding-bottom:0;padding-left:0px\">\n<div class=\"wp-block-group has-global-padding is-layout-constrained wp-container-core-group-is-layout-162f2a30 wp-block-group-is-layout-constrained\" style=\"margin-top:0px;margin-bottom:0px\">\n<div class=\"wp-block-group has-global-padding is-layout-constrained wp-container-core-group-is-layout-d6554d75 wp-block-group-is-layout-constrained\" style=\"margin-top:0px;margin-bottom:0px\">\n<div class=\"wp-block-cover is-light\" style=\"border-top-left-radius:10px;border-top-right-radius:10px;border-bottom-left-radius:10px;border-bottom-right-radius:10px\"><img loading=\"lazy\" decoding=\"async\" width=\"1920\" height=\"1440\" class=\"wp-block-cover__image-background wp-image-6752 size-full\" alt=\"piscine espace aquatique camping platin redoute\" src=\"https:\/\/platinredoute.geek-tonic.dev\/wp-content\/uploads\/2026\/03\/piscine-espace-aquatique-camping-platin-redoute.jpg\" data-object-fit=\"cover\" srcset=\"https:\/\/platinredoute.geek-tonic.dev\/wp-content\/uploads\/2026\/03\/piscine-espace-aquatique-camping-platin-redoute.jpg 1920w, https:\/\/platinredoute.geek-tonic.dev\/wp-content\/uploads\/2026\/03\/piscine-espace-aquatique-camping-platin-redoute-300x225.jpg 300w, https:\/\/platinredoute.geek-tonic.dev\/wp-content\/uploads\/2026\/03\/piscine-espace-aquatique-camping-platin-redoute-1024x768.jpg 1024w, https:\/\/platinredoute.geek-tonic.dev\/wp-content\/uploads\/2026\/03\/piscine-espace-aquatique-camping-platin-redoute-768x576.jpg 768w, https:\/\/platinredoute.geek-tonic.dev\/wp-content\/uploads\/2026\/03\/piscine-espace-aquatique-camping-platin-redoute-1536x1152.jpg 1536w\" sizes=\"auto, (max-width: 1920px) 100vw, 1920px\" \/><span aria-hidden=\"true\" class=\"wp-block-cover__background has-background-dim-0 has-background-dim\"><\/span><div class=\"wp-block-cover__inner-container has-global-padding is-layout-constrained wp-block-cover-is-layout-constrained\">\n<p class=\"has-text-align-center has-large-font-size\"><\/p>\n<\/div><\/div>\n<\/div>\n<\/div>\n<\/div>\n\n\n\n<div class=\"wp-block-group gt-reverse-mobile is-vertical is-layout-flex wp-container-core-group-is-layout-7857e36c wp-block-group-is-layout-flex\" style=\"padding-right:0px;padding-left:0px\">\n<div class=\"wp-block-group texte-deco has-global-padding is-content-justification-left is-layout-constrained wp-container-core-group-is-layout-d6fb7615 wp-block-group-is-layout-constrained\" style=\"margin-top:0px;margin-bottom:0px;padding-right:0px;padding-left:0px\">\n<p class=\"has-custom-color-1-color has-text-color has-link-color has-unbounded-font-family wp-elements-4223dac75d1ce225061295f6aee3783d\" style=\"font-size:clamp(2.499rem, 2.499rem + ((1vw - 0.2rem) * 3.652), 4.69rem);font-style:normal;font-weight:700;line-height:1\">Baden<\/p>\n\n\n\n<p class=\"has-custom-color-1-color has-text-color has-link-color has-caveat-font-family wp-elements-289331d967c7a070327fd0574ba7b46d\" style=\"margin-top:0px;margin-bottom:0px;font-size:clamp(3.159rem, 3.159rem + ((1vw - 0.2rem) * 5.252), 6.31rem);font-style:normal;font-weight:500;line-height:0.7\">in der Familie<\/p>\n<\/div>\n\n\n\n<div class=\"wp-block-group content has-base-2-background-color has-background has-global-padding is-layout-constrained wp-container-core-group-is-layout-69f271cb wp-block-group-is-layout-constrained\" style=\"border-top-left-radius:10px;border-top-right-radius:10px;border-bottom-left-radius:10px;border-bottom-right-radius:10px;margin-top:0px;margin-bottom:0px;padding-top:40px;padding-right:40px;padding-bottom:40px;padding-left:40px\">\n<h1 class=\"wp-block-heading has-custom-color-1-color has-text-color has-link-color wp-elements-000dec9508fe4d71bb01aec5cc97a9df\">Campingplatz mit beheiztem Schwimmbad in der N\u00e4he von Sainte-Marie-de-R\u00e9<\/h1>\n\n\n\n<p class=\"has-custom-color-1-color has-text-color\">Auf dem Campingplatz Le Platin &#8211; La Redoute, Ihrem <a href=\"https:\/\/platinredoute.geek-tonic.dev\/de\/\" data-type=\"page\" data-id=\"5\">Campingplatz auf der \u00cele de R\u00e9<\/a>, ist das Schwimmen ein wesentlicher Bestandteil Ihres Urlaubs. Unser Wasserpark, der f\u00fcr alle Urlauber des Campingplatzes zug\u00e4nglich ist, verspricht Entspannung und Spa\u00df f\u00fcr die ganze Familie. Mit einem <strong>beheizten Schwimmbad im Freien<\/strong> und einem <strong>Planschbecken<\/strong> f\u00fcr die Kleinsten findet hier jeder sein Gl\u00fcck. Willkommen auf Ihrem Campingplatz mit beheiztem Schwimmbad auf der L&#8217;\u00cele de r\u00e9.   <\/p>\n<\/div>\n<\/div>\n<\/div>\n<\/div>\n\n<div class=\"wp-block-group section-simple has-global-padding is-layout-constrained wp-container-core-group-is-layout-e8882e7b wp-block-group-is-layout-constrained\" style=\"margin-top:0px;margin-bottom:0px;padding-top:8rem;padding-right:15rem;padding-bottom:8rem;padding-left:15rem\">\n<div class=\"wp-block-columns are-vertically-aligned-top is-layout-flex wp-container-core-columns-is-layout-28f84493 wp-block-columns-is-layout-flex\">\n<div class=\"wp-block-column is-vertically-aligned-top is-layout-flow wp-block-column-is-layout-flow\">\n<div class=\"wp-block-group has-custom-color-3-background-color has-background has-global-padding is-layout-constrained wp-container-core-group-is-layout-3dcc9c70 wp-block-group-is-layout-constrained\" style=\"border-top-left-radius:10px;border-top-right-radius:10px;border-bottom-left-radius:10px;border-bottom-right-radius:10px;padding-top:40px;padding-right:40px;padding-bottom:40px;padding-left:40px\">\n<h2 class=\"wp-block-heading has-custom-color-1-color has-text-color has-link-color wp-elements-c6d939913f1030b6012e16428b8a14ab\">Campingplatz mit beheiztem Schwimmbad auf der L&#8217;\u00cele de r\u00e9<\/h2>\n\n\n\n<p class=\"has-custom-color-1-color has-text-color\">Tauchen Sie in unser <strong>250 m\u00b2 gro\u00dfes beheiztes Schwimmbad<\/strong> ein, das ab dem 8. Mai ge\u00f6ffnet ist.<\/p>\n\n\n\n<p class=\"has-custom-color-1-color has-text-color\">Ob der Himmel blau oder leicht bew\u00f6lkt ist, die Wassertemperatur l\u00e4dt Sie w\u00e4hrend Ihres Aufenthalts zum Schwimmen ein.<\/p>\n\n\n\n<p class=\"has-custom-color-1-color has-text-color\">Morgens schwimmen, nachmittags mit der Familie spielen oder sich einfach nach einer Radtour auf der \u00cele de R\u00e9 abk\u00fchlen: das beheizte Schwimmbad ist das <strong>lebendige Herz <\/strong>des Campingplatzes.<\/p>\n<\/div>\n<\/div>\n\n\n\n<div class=\"wp-block-column is-vertically-aligned-top is-layout-flow wp-block-column-is-layout-flow\">\n<figure class=\"wp-block-image size-full has-custom-border\"><img loading=\"lazy\" decoding=\"async\" width=\"1920\" height=\"1440\" src=\"https:\/\/platinredoute.geek-tonic.dev\/wp-content\/uploads\/2026\/03\/piscine-bordure-camping-espace-aquatique.jpg\" alt=\"Schwimmbad am Rande des Campingplatzes Wasserpark\" class=\"wp-image-6747\" style=\"border-top-left-radius:10px;border-top-right-radius:10px;border-bottom-left-radius:10px;border-bottom-right-radius:10px;aspect-ratio:16\/9;object-fit:cover\" srcset=\"https:\/\/platinredoute.geek-tonic.dev\/wp-content\/uploads\/2026\/03\/piscine-bordure-camping-espace-aquatique.jpg 1920w, https:\/\/platinredoute.geek-tonic.dev\/wp-content\/uploads\/2026\/03\/piscine-bordure-camping-espace-aquatique-300x225.jpg 300w, https:\/\/platinredoute.geek-tonic.dev\/wp-content\/uploads\/2026\/03\/piscine-bordure-camping-espace-aquatique-1024x768.jpg 1024w, https:\/\/platinredoute.geek-tonic.dev\/wp-content\/uploads\/2026\/03\/piscine-bordure-camping-espace-aquatique-768x576.jpg 768w, https:\/\/platinredoute.geek-tonic.dev\/wp-content\/uploads\/2026\/03\/piscine-bordure-camping-espace-aquatique-1536x1152.jpg 1536w\" sizes=\"auto, (max-width: 1920px) 100vw, 1920px\" \/><\/figure>\n<\/div>\n<\/div>\n<\/div>\n\n<div class=\"wp-block-group section-4 has-global-padding is-layout-constrained wp-container-core-group-is-layout-07b29094 wp-block-group-is-layout-constrained\" style=\"margin-top:0px;margin-bottom:0px;padding-right:0px;padding-left:0px\">\n<div class=\"wp-block-group banner has-global-padding is-layout-constrained wp-container-core-group-is-layout-07b29094 wp-block-group-is-layout-constrained\" style=\"margin-top:0px;margin-bottom:0px;padding-right:0px;padding-left:0px\">\n<div class=\"wp-block-cover\" style=\"margin-top:0px;margin-bottom:0px;padding-top:0px;padding-right:0px;padding-bottom:0px;padding-left:0px;min-height:90vh;aspect-ratio:unset;\"><img loading=\"lazy\" decoding=\"async\" width=\"1920\" height=\"1440\" class=\"wp-block-cover__image-background wp-image-6707 size-full\" alt=\"piscine camping platin redoute espace aquatique soleil\" src=\"https:\/\/platinredoute.geek-tonic.dev\/wp-content\/uploads\/2026\/03\/piscine-camping-platin-redoute-espace-aquatique-soleil.jpg\" data-object-fit=\"cover\" srcset=\"https:\/\/platinredoute.geek-tonic.dev\/wp-content\/uploads\/2026\/03\/piscine-camping-platin-redoute-espace-aquatique-soleil.jpg 1920w, https:\/\/platinredoute.geek-tonic.dev\/wp-content\/uploads\/2026\/03\/piscine-camping-platin-redoute-espace-aquatique-soleil-300x225.jpg 300w, https:\/\/platinredoute.geek-tonic.dev\/wp-content\/uploads\/2026\/03\/piscine-camping-platin-redoute-espace-aquatique-soleil-1024x768.jpg 1024w, https:\/\/platinredoute.geek-tonic.dev\/wp-content\/uploads\/2026\/03\/piscine-camping-platin-redoute-espace-aquatique-soleil-768x576.jpg 768w, https:\/\/platinredoute.geek-tonic.dev\/wp-content\/uploads\/2026\/03\/piscine-camping-platin-redoute-espace-aquatique-soleil-1536x1152.jpg 1536w\" sizes=\"auto, (max-width: 1920px) 100vw, 1920px\" \/><span aria-hidden=\"true\" class=\"wp-block-cover__background has-background-dim-100 has-background-dim wp-block-cover__gradient-background has-background-gradient\" style=\"background:linear-gradient(0deg,rgb(6,54,122) 0%,rgba(255,255,255,0) 30%)\"><\/span><div class=\"wp-block-cover__inner-container has-global-padding is-layout-constrained wp-container-core-cover-is-layout-8b154107 wp-block-cover-is-layout-constrained\">\n<p class=\"has-text-align-center has-large-font-size\"><\/p>\n<\/div><\/div>\n<\/div>\n\n\n\n<div class=\"wp-block-group content has-custom-color-1-background-color has-background has-global-padding is-layout-constrained wp-container-core-group-is-layout-d4ecddba wp-block-group-is-layout-constrained\" style=\"margin-top:0px;margin-bottom:0px;padding-top:6rem;padding-right:15rem;padding-bottom:6rem;padding-left:15rem\">\n<h2 class=\"wp-block-heading has-custom-color-2-color has-text-color has-link-color wp-elements-4688e891348505d5933fd9e37237a9b6\">Sicheres Planschbecken f\u00fcr Ihre Kinder<\/h2>\n\n\n\n<p class=\"has-base-2-color has-text-color has-link-color wp-elements-387d5da40585ea6f63438a2a8ae1c41b\">Die ersten Spritzer Ihrer Kinder verdienen einen <strong>geeigneten und sicheren Platz<\/strong>. Das Planschbecken auf unserem Campingplatz mit beheiztem Schwimmbad in der N\u00e4he von Sainte-Marie-de-R\u00e9 ist speziell f\u00fcr Kleinkinder konzipiert. Hier k\u00f6nnen Ihre Kinder unter Ihren wachsamen Augen planschen, spielen und die Freuden des Wassers entdecken.  <\/p>\n\n\n\n<p class=\"has-base-2-color has-text-color has-link-color wp-elements-23924c437c58ee5693423f58b3110be6\">W\u00e4hrend Ihre Kinder sich in aller Sicherheit vergn\u00fcgen, haben Sie <strong>vom Beckenrand aus ein ruhiges Auge<\/strong>. Einfache und wertvolle Momente, eingelullt vom Lachen und der Sonne der Charente-Maritime. <\/p>\n<\/div>\n<\/div>\n\n<div class=\"wp-block-group section-simple has-custom-color-2-background-color has-background has-global-padding is-layout-constrained wp-container-core-group-is-layout-e8882e7b wp-block-group-is-layout-constrained\" style=\"margin-top:0px;margin-bottom:0px;padding-top:8rem;padding-right:15rem;padding-bottom:8rem;padding-left:15rem\">\n<div class=\"wp-block-columns are-vertically-aligned-top is-layout-flex wp-container-core-columns-is-layout-28f84493 wp-block-columns-is-layout-flex\">\n<div class=\"wp-block-column is-vertically-aligned-top is-layout-flow wp-block-column-is-layout-flow\">\n<figure class=\"wp-block-image size-full has-custom-border\"><img loading=\"lazy\" decoding=\"async\" width=\"1920\" height=\"1280\" src=\"https:\/\/platinredoute.geek-tonic.dev\/wp-content\/uploads\/2026\/03\/transats-bronzer-piscine-camping.jpg\" alt=\"Sonnenliegen Sonnenbaden Schwimmbad Campingplatz\" class=\"wp-image-6750\" style=\"border-top-left-radius:10px;border-top-right-radius:10px;border-bottom-left-radius:10px;border-bottom-right-radius:10px;aspect-ratio:16\/9;object-fit:cover\" srcset=\"https:\/\/platinredoute.geek-tonic.dev\/wp-content\/uploads\/2026\/03\/transats-bronzer-piscine-camping.jpg 1920w, https:\/\/platinredoute.geek-tonic.dev\/wp-content\/uploads\/2026\/03\/transats-bronzer-piscine-camping-300x200.jpg 300w, https:\/\/platinredoute.geek-tonic.dev\/wp-content\/uploads\/2026\/03\/transats-bronzer-piscine-camping-1024x683.jpg 1024w, https:\/\/platinredoute.geek-tonic.dev\/wp-content\/uploads\/2026\/03\/transats-bronzer-piscine-camping-768x512.jpg 768w, https:\/\/platinredoute.geek-tonic.dev\/wp-content\/uploads\/2026\/03\/transats-bronzer-piscine-camping-1536x1024.jpg 1536w\" sizes=\"auto, (max-width: 1920px) 100vw, 1920px\" \/><\/figure>\n<\/div>\n\n\n\n<div class=\"wp-block-column is-vertically-aligned-top is-layout-flow wp-block-column-is-layout-flow\">\n<div class=\"wp-block-group has-base-2-background-color has-background has-global-padding is-layout-constrained wp-container-core-group-is-layout-3dcc9c70 wp-block-group-is-layout-constrained\" style=\"border-top-left-radius:10px;border-top-right-radius:10px;border-bottom-left-radius:10px;border-bottom-right-radius:10px;padding-top:40px;padding-right:40px;padding-bottom:40px;padding-left:40px\">\n<h2 class=\"wp-block-heading has-custom-color-1-color has-text-color has-link-color wp-elements-e7afaea535d4f5e7d3bb707565c6c94e\">Bequeme Liegest\u00fchle <br\/>zum Sonnenbaden<\/h2>\n\n\n\n<p class=\"has-custom-color-1-color has-text-color\">Nach dem Schwimmen k\u00f6nnen Sie es sich auf den <strong>Liegest\u00fchlen am Schwimmbad<\/strong> bequem machen.<\/p>\n\n\n\n<p class=\"has-custom-color-1-color has-text-color\">Die Sonne von Retrea tut den Rest. Lesen Sie einen guten Roman, schlie\u00dfen Sie die Augen oder genie\u00dfen Sie einfach die Ruhe des Augenblicks. <\/p>\n\n\n\n<p class=\"has-custom-color-1-color has-text-color\">Wenn Sie den Sand bevorzugen, k\u00f6nnen Sie den Nordstrand direkt vom Campingplatz aus erreichen.<\/p>\n\n\n\n<p class=\"has-custom-color-1-color has-text-color\">Schwimmbad am Vormittag, Strand am Nachmittag: Stellen Sie sich <strong>Ihren perfekten Tag<\/strong> zusammen.<\/p>\n<\/div>\n<\/div>\n<\/div>\n<\/div>\n\n<div class=\"wp-block-group section-maillage has-custom-color-3-background-color has-background has-global-padding is-layout-constrained wp-container-core-group-is-layout-20238047 wp-block-group-is-layout-constrained\" style=\"margin-top:0px;margin-bottom:0px;padding-top:8rem;padding-right:15rem;padding-bottom:8rem;padding-left:15rem\">\n<div class=\"wp-block-group texte-deco is-layout-flow wp-block-group-is-layout-flow\">\n<p class=\"has-text-align-center has-custom-color-1-color has-text-color has-link-color has-unbounded-font-family wp-elements-e951b85560492fb3e3e45aa849a86fe2\" style=\"font-size:clamp(1.976rem, 1.976rem + ((1vw - 0.2rem) * 2.54), 3.5rem);font-style:normal;font-weight:700;line-height:1\">Entdecken Sie<\/p>\n\n\n\n<p class=\"has-text-align-center has-custom-color-1-color has-text-color has-link-color has-caveat-font-family wp-elements-49faf5b15745cb772299818a519f6db2\" style=\"margin-top:0px;margin-bottom:0px;font-size:clamp(2.758rem, 2.758rem + ((1vw - 0.2rem) * 4.253), 5.31rem);font-style:normal;font-weight:500;line-height:0.7\">mehr<\/p>\n<\/div>\n\n\n\n<div data-wp-context=\"{}\" data-wp-interactive=\"core\/query\" data-wp-key=\"0\" data-wp-router-region=\"query-0\" class=\"wp-block-query alignwide gt-fse-maillage-query is-layout-flow wp-block-query-is-layout-flow\"><ul class=\"columns-3 wp-block-post-template is-layout-grid wp-container-core-post-template-is-layout-6d3fbd8f wp-block-post-template-is-layout-grid\"><li data-wp-key=\"post-template-item-7260\" class=\"wp-block-post post-7260 page type-page status-publish has-post-thumbnail hentry\">\n<a href=\"https:\/\/platinredoute.geek-tonic.dev\/de\/mobilheimvermietung-rivedoux-plage\/\"    class=\"wp-block-tiptip-hyperlink-group-block\" >\n<figure class=\"wp-block-image size-full is-resized\"><img loading=\"lazy\" decoding=\"async\" width=\"367\" height=\"318\" src=\"https:\/\/platinredoute.geek-tonic.dev\/wp-content\/uploads\/2025\/12\/grosse-fleur-jaune.svg\" alt=\"gro&#xDF;e gelbe Blume\" class=\"wp-image-143\" style=\"object-fit:contain;width:50px;height:50px\"\/><\/figure>\n\n<figure class=\"wp-block-image has-custom-border gt-maillage__image\"><img decoding=\"async\" src=\"https:\/\/platinredoute.geek-tonic.dev\/wp-content\/uploads\/2026\/03\/mobil-home-flower-la-redoute-camping-.jpg\" alt=\"mobilheim flower la redoute camping\" style=\"border-style:none;border-width:0px;border-top-left-radius:10px;border-top-right-radius:10px;border-bottom-left-radius:10px;border-bottom-right-radius:10px\"\/><\/figure>\n\n<p class=\"has-text-align-center has-custom-color-1-color has-text-color has-link-color has-unbounded-font-family wp-elements-6527d65a79d544105f2c7aa114e49b0c\" style=\"font-size:clamp(1.25rem, 1.25rem + ((1vw - 0.2rem) * 1.25), 2rem);line-height:1.1\">Unsere Mietobjekte<\/p>\n<\/a>\n<\/li><li data-wp-key=\"post-template-item-7198\" class=\"wp-block-post post-7198 page type-page status-publish has-post-thumbnail hentry\">\n<a href=\"https:\/\/platinredoute.geek-tonic.dev\/de\/familiencampingplatz-rivedoux-plage\/\"    class=\"wp-block-tiptip-hyperlink-group-block\" >\n<figure class=\"wp-block-image size-full is-resized\"><img loading=\"lazy\" decoding=\"async\" width=\"367\" height=\"318\" src=\"https:\/\/platinredoute.geek-tonic.dev\/wp-content\/uploads\/2025\/12\/grosse-fleur-jaune.svg\" alt=\"gro&#xDF;e gelbe Blume\" class=\"wp-image-143\" style=\"object-fit:contain;width:50px;height:50px\"\/><\/figure>\n\n<figure class=\"wp-block-image has-custom-border gt-maillage__image\"><img decoding=\"async\" src=\"https:\/\/platinredoute.geek-tonic.dev\/wp-content\/uploads\/2026\/03\/camping-platin-redoute-bord-de-mer-acces-plage.jpg\" alt=\"campingplatz platin redoute meeresk\u00fcste zugang zum strand\" style=\"border-style:none;border-width:0px;border-top-left-radius:10px;border-top-right-radius:10px;border-bottom-left-radius:10px;border-bottom-right-radius:10px\"\/><\/figure>\n\n<p class=\"has-text-align-center has-custom-color-1-color has-text-color has-link-color has-unbounded-font-family wp-elements-6527d65a79d544105f2c7aa114e49b0c\" style=\"font-size:clamp(1.25rem, 1.25rem + ((1vw - 0.2rem) * 1.25), 2rem);line-height:1.1\">Services und Aktivit\u00e4ten<\/p>\n<\/a>\n<\/li><li data-wp-key=\"post-template-item-7147\" class=\"wp-block-post post-7147 page type-page status-publish has-post-thumbnail hentry\">\n<a href=\"https:\/\/platinredoute.geek-tonic.dev\/de\/campingplatz-am-meer-rivedoux-plage\/\"    class=\"wp-block-tiptip-hyperlink-group-block\" >\n<figure class=\"wp-block-image size-full is-resized\"><img loading=\"lazy\" decoding=\"async\" width=\"367\" height=\"318\" src=\"https:\/\/platinredoute.geek-tonic.dev\/wp-content\/uploads\/2025\/12\/grosse-fleur-jaune.svg\" alt=\"gro&#xDF;e gelbe Blume\" class=\"wp-image-143\" style=\"object-fit:contain;width:50px;height:50px\"\/><\/figure>\n\n<figure class=\"wp-block-image has-custom-border gt-maillage__image\"><img decoding=\"async\" src=\"https:\/\/platinredoute.geek-tonic.dev\/wp-content\/uploads\/2026\/03\/camping-bord-de-mer-rivedoux-plage-ile-de-re.jpg\" alt=\"Meer\" style=\"border-style:none;border-width:0px;border-top-left-radius:10px;border-top-right-radius:10px;border-bottom-left-radius:10px;border-bottom-right-radius:10px\"\/><\/figure>\n\n<p class=\"has-text-align-center has-custom-color-1-color has-text-color has-link-color has-unbounded-font-family wp-elements-6527d65a79d544105f2c7aa114e49b0c\" style=\"font-size:clamp(1.25rem, 1.25rem + ((1vw - 0.2rem) * 1.25), 2rem);line-height:1.1\">Meer<\/p>\n<\/a>\n<\/li><\/ul><\/div>\n<\/div>\n","protected":false},"excerpt":{"rendered":"<p>Baden in der Familie Campingplatz mit beheiztem Schwimmbad in der N\u00e4he von Sainte-Marie-de-R\u00e9 Auf dem Campingplatz Le Platin &#8211; La Redoute, Ihrem Campingplatz auf der \u00cele de R\u00e9, ist das Schwimmen ein wesentlicher Bestandteil Ihres Urlaubs. Unser Wasserpark, der f\u00fcr alle Urlauber des Campingplatzes zug\u00e4nglich ist, verspricht Entspannung und Spa\u00df f\u00fcr die ganze Familie. Mit [&hellip;]<\/p>\n","protected":false},"author":1,"featured_media":7142,"parent":0,"menu_order":0,"comment_status":"closed","ping_status":"closed","template":"","meta":{"_seopress_robots_primary_cat":"","_seopress_titles_title":"Camping beheiztes Schwimmbad \u00cele de r\u00e9 | Wasserpark St-Marie-de-R\u00e9","_seopress_titles_desc":"Genie\u00dfen Sie ein Bad mit der ganzen Familie auf dem Campingplatz Le Platin - La Redoute: beheiztes Schwimmbad und Planschbecken f\u00fcr einen unvergesslichen Urlaub in der N\u00e4he von Sainte-Marie-de-R\u00e9.","_seopress_robots_index":"","inline_featured_image":false,"gt_fse_maillage_image":"https:\/\/platinredoute.geek-tonic.dev\/wp-content\/uploads\/2026\/03\/piscine-camping-platin-redoute-espace-aquatique-soleil.jpg","gt_fse_maillage_titre":"Wasserpark","gt_fse_maillage_alt":"Wasserpark","gt_fse_maillage_resume":"","footnotes":""},"categories":[],"tags":[],"class_list":["post-7140","page","type-page","status-publish","has-post-thumbnail","hentry"],"publishpress_future_action":{"enabled":false,"date":"2026-04-20 04:40:24","action":"change-status","newStatus":"draft","terms":[],"taxonomy":"category","extraData":[]},"publishpress_future_workflow_manual_trigger":{"enabledWorkflows":[]},"_links":{"self":[{"href":"https:\/\/platinredoute.geek-tonic.dev\/de\/wp-json\/wp\/v2\/pages\/7140","targetHints":{"allow":["GET"]}}],"collection":[{"href":"https:\/\/platinredoute.geek-tonic.dev\/de\/wp-json\/wp\/v2\/pages"}],"about":[{"href":"https:\/\/platinredoute.geek-tonic.dev\/de\/wp-json\/wp\/v2\/types\/page"}],"author":[{"embeddable":true,"href":"https:\/\/platinredoute.geek-tonic.dev\/de\/wp-json\/wp\/v2\/users\/1"}],"replies":[{"embeddable":true,"href":"https:\/\/platinredoute.geek-tonic.dev\/de\/wp-json\/wp\/v2\/comments?post=7140"}],"version-history":[{"count":5,"href":"https:\/\/platinredoute.geek-tonic.dev\/de\/wp-json\/wp\/v2\/pages\/7140\/revisions"}],"predecessor-version":[{"id":7640,"href":"https:\/\/platinredoute.geek-tonic.dev\/de\/wp-json\/wp\/v2\/pages\/7140\/revisions\/7640"}],"wp:featuredmedia":[{"embeddable":true,"href":"https:\/\/platinredoute.geek-tonic.dev\/de\/wp-json\/wp\/v2\/media\/7142"}],"wp:attachment":[{"href":"https:\/\/platinredoute.geek-tonic.dev\/de\/wp-json\/wp\/v2\/media?parent=7140"}],"wp:term":[{"taxonomy":"category","embeddable":true,"href":"https:\/\/platinredoute.geek-tonic.dev\/de\/wp-json\/wp\/v2\/categories?post=7140"},{"taxonomy":"post_tag","embeddable":true,"href":"https:\/\/platinredoute.geek-tonic.dev\/de\/wp-json\/wp\/v2\/tags?post=7140"}],"curies":[{"name":"wp","href":"https:\/\/api.w.org\/{rel}","templated":true}]}}