{"id":5438,"date":"2026-02-26T08:52:46","date_gmt":"2026-02-26T07:52:46","guid":{"rendered":"https:\/\/platinredoute.geek-tonic.dev\/rgaa\/"},"modified":"2026-03-27T15:02:33","modified_gmt":"2026-03-27T14:02:33","slug":"zugaenglichkeitserklaerung","status":"publish","type":"page","link":"https:\/\/platinredoute.geek-tonic.dev\/de\/zugaenglichkeitserklaerung\/","title":{"rendered":"Erkl\u00e4rung zur digitalen Zug\u00e4nglichkeit"},"content":{"rendered":"\n<div class=\"wp-block-group section-6 has-custom-color-3-background-color has-background has-global-padding is-layout-constrained wp-container-core-group-is-layout-de244258 wp-block-group-is-layout-constrained\" style=\"margin-top:0px;margin-bottom:0px;padding-top:4rem;padding-right:15rem;padding-bottom:8rem;padding-left:15rem\">\n<div class=\"wp-block-group content has-base-2-background-color has-background has-global-padding is-layout-constrained wp-container-core-group-is-layout-2254dfbc wp-block-group-is-layout-constrained\" style=\"border-top-left-radius:10px;border-top-right-radius:10px;border-bottom-left-radius:10px;border-bottom-right-radius:10px;margin-top:0px;margin-bottom:0px;padding-top:39px;padding-right:40px;padding-bottom:40px;padding-left:40px\">\n<h1 class=\"wp-block-heading\">ERKL\u00c4RUNG DER ZUG\u00c4NGLICHKEIT<\/h1>\n\n\n\n<h2 class=\"wp-block-heading\">Verpflichtung zur digitalen Barrierefreiheit<\/h2>\n\n\n\n<p class=\"has-custom-color-1-color has-text-color has-link-color wp-elements-a7f7b8dcf384d1b8452cb1f7b1831f00\">Flower Campings verpflichtet sich, ihre Websites gem\u00e4\u00df Artikel 47 des Gesetzes Nr. 2005-102 vom 11. Februar 2005 und dem Allgemeinen Referenzrahmen f\u00fcr die Verbesserung der Zug\u00e4nglichkeit (RGAA 4.1) zug\u00e4nglich zu machen.<\/p>\n\n\n\n<p class=\"has-custom-color-1-color has-text-color has-link-color wp-elements-fc00e5fc0107f25c0b4b22c88d832a06\">Die Websites des Flower Campings Netzwerks basieren auf einem gemeinsamen Template, das von der Agentur Geek Tonic entworfen und entwickelt wurde und von Anfang an die guten Praktiken der digitalen Zug\u00e4nglichkeit integriert hat.<\/p>\n\n\n\n<p class=\"has-custom-color-1-color has-text-color has-link-color wp-elements-b2377b634de5da421abd054e3a2d8006\">Unser Ziel ist es, die Anforderungen von RGAA 4.1 und die internationalen Empfehlungen WCAG 2.1 Level AA zu erf\u00fcllen.<\/p>\n\n\n\n<h2 class=\"wp-block-heading\">Stand der Einhaltung<\/h2>\n\n\n\n<p class=\"has-custom-color-1-color has-text-color has-link-color wp-elements-c4d54b24c6985760d8fd6c7cca297a25\">Bisher ist die Website teilweise konform mit RGAA 4.1.<\/p>\n\n\n\n<p class=\"has-custom-color-1-color has-text-color has-link-color wp-elements-e33463b7569d468853438e1202d9f316\"><em>Diese Erkl\u00e4rung st\u00fctzt sich auf :<\/em><\/p>\n\n\n\n<ul class=\"wp-block-list has-custom-color-1-color has-text-color has-link-color wp-elements-ac187c3705f155f86d8d815465ce9855\">\n<li>Automatisierte Audits (insbesondere \u00fcber das WAVE-Tool)<\/li>\n\n\n\n<li>Manuelle \u00dcberpr\u00fcfungen von Struktur und Navigation<\/li>\n\n\n\n<li>Kontrollen der Hauptkomponenten des Templates<\/li>\n\n\n\n<li>Die Mehrheit der wesentlichen Kriterien in Bezug auf Struktur, Formulare, Tastaturnavigation und Textalternativen wurden erf\u00fcllt.<\/li>\n\n\n\n<li>Einige grafische Einschr\u00e4nkungen oder Elemente von Drittanbietern k\u00f6nnen noch verbessert werden.<\/li>\n<\/ul>\n\n\n\n<p class=\"has-custom-color-1-color has-text-color has-link-color wp-elements-a360e3e8155088d484cf945a348bfd56\">Hier sind die grundlegenden Regeln des RGAA \/ WCAG, die in das Template integriert wurden:<\/p>\n\n\n\n<ul class=\"wp-block-list has-custom-color-1-color has-text-color has-link-color wp-elements-7e551896c308f25533936c2fe2f56593\">\n<li>Struktur und Navigation<\/li>\n\n\n\n<li>Nur eine H1 pro Seite<\/li>\n\n\n\n<li>Konsequente Titelhierarchie ohne Ebenenwechsel  <\/li>\n\n\n\n<li>Klare visuelle Anzeige des Tastaturfokus  <\/li>\n<\/ul>\n\n\n\n<h3 class=\"wp-block-heading\">Bilder und Medien<\/h3>\n\n\n\n<ul class=\"wp-block-list has-custom-color-1-color has-text-color has-link-color wp-elements-bcb946fc4353868783a69cd8760e2e08\">\n<li>Informationsreiche Bilder mit relevantem Alt-Attribut<\/li>\n\n\n\n<li>Dekorative Bilder mit leerem alt=&#8220;&#8220;  <\/li>\n\n\n\n<li>Keine Information, die nur durch die Farbe vermittelt wird<\/li>\n<\/ul>\n\n\n\n<h3 class=\"wp-block-heading\">Formulare<\/h3>\n\n\n\n<ul class=\"wp-block-list has-custom-color-1-color has-text-color has-link-color wp-elements-91411708aac5d47897451b41603f753d\">\n<li>Jedes Feld hat ein Label, das \u00fcber das for-Attribut zugeordnet ist.<\/li>\n\n\n\n<li>Pflichtfelder sind explizit gekennzeichnet.<\/li>\n\n\n\n<li>Die Fehlermeldungen sind textlich und verst\u00e4ndlich.<\/li>\n\n\n\n<li>Fehler sind erkennbar und nicht nur von der Farbe abh\u00e4ngig.<\/li>\n<\/ul>\n\n\n\n<h3 class=\"wp-block-heading\">Kontraste und Lesbarkeit<\/h3>\n\n\n\n<ul class=\"wp-block-list has-custom-color-1-color has-text-color has-link-color wp-elements-be136e3ca4afe671d1d9ccf2699fbe5f\">\n<li>Text\/Hintergrund-Kontrast \u2265 4.5:1 f\u00fcr Standardtext<\/li>\n\n\n\n<li>Kontrast \u2265 3:1 f\u00fcr gro\u00dfe Texte<\/li>\n\n\n\n<li>Textgr\u00f6\u00dfe bis zu 200% skalierbar ohne Verlust von Inhalten<\/li>\n\n\n\n<li>Kein in Bilder eingebetteter Text, wenn vermeidbar<\/li>\n<\/ul>\n\n\n\n<h3 class=\"wp-block-heading\">Interaktive Komponenten<\/h3>\n\n\n\n<ul class=\"wp-block-list has-custom-color-1-color has-text-color has-link-color wp-elements-e72debf659681fc4561f2ecb07ff8548\">\n<li>Klar identifizierbare Schaltfl\u00e4chen und Links<\/li>\n\n\n\n<li>Explizite Linktitel (kein &#8222;hier klicken&#8220;)<\/li>\n<\/ul>\n\n\n\n<h3 class=\"wp-block-heading\">Verwendete Technologien<\/h3>\n\n\n\n<p class=\"has-custom-color-1-color has-text-color has-link-color wp-elements-051e2ed858f276d9deb875a3c906c001\">Die Seiten basieren auf :<\/p>\n\n\n\n<ul class=\"wp-block-list has-custom-color-1-color has-text-color has-link-color wp-elements-1c05388cfa323cf4da21b1e66b426a74\">\n<li>HTML5<\/li>\n\n\n\n<li>CSS3<\/li>\n\n\n\n<li>JavaScript<\/li>\n\n\n\n<li>WordPress<\/li>\n<\/ul>\n\n\n\n<p class=\"has-custom-color-1-color has-text-color has-link-color wp-elements-d89f23c3c28ba4132bae4431cc46f259\">Die Entwicklungen halten sich an die W3C-Standards und die ARIA Best Practices, wo dies erforderlich ist.<\/p>\n\n\n\n<h3 class=\"wp-block-heading\">Zus\u00e4tzliche Einrichtungen<\/h3>\n\n\n\n<p class=\"has-custom-color-1-color has-text-color has-link-color wp-elements-14bebe719939138592c007469a10a4bf\">Ein Modul zur Anpassung der Anzeige kann es den Nutzern erm\u00f6glichen, bestimmte Anzeigeparameter (Kontrast, Textgr\u00f6\u00dfe usw.) anzupassen, um den Komfort beim Surfen zu erh\u00f6hen.<\/p>\n\n\n\n<h2 class=\"wp-block-heading\">Inhalte, die nicht der Zug\u00e4nglichkeitspflicht unterliegen<\/h2>\n\n\n\n<p class=\"has-custom-color-1-color has-text-color has-link-color wp-elements-4d88448c25ef7c20d99fee8819ea52c1\">Kann nicht vollst\u00e4ndig konform sein:<\/p>\n\n\n\n<ul class=\"wp-block-list has-custom-color-1-color has-text-color has-link-color wp-elements-d421cb2b0faa47499a3c630b48617975\">\n<li>Inhalte von Diensten Dritter<\/li>\n\n\n\n<li>Von Partnern bereitgestellte PDF-Dokumente<\/li>\n<\/ul>\n\n\n\n<p class=\"has-custom-color-1-color has-text-color has-link-color wp-elements-5740ae40dabd3e381af84cdb88dcc93f\">Diese Erkl\u00e4rung wurde am 26\/02\/2026 erstellt.<\/p>\n\n\n\n<p class=\"has-custom-color-1-color has-text-color has-link-color wp-elements-cd54c1c086c2cef9aacdb8af6628202e\">Sie wird regelm\u00e4\u00dfig aktualisiert, um den Entwicklungen auf der Website Rechnung zu tragen.<\/p>\n<\/div>\n<\/div>\n","protected":false},"excerpt":{"rendered":"<p>ERKL\u00c4RUNG DER ZUG\u00c4NGLICHKEIT Verpflichtung zur digitalen Barrierefreiheit Flower Campings verpflichtet sich, ihre Websites gem\u00e4\u00df Artikel 47 des Gesetzes Nr. 2005-102 vom 11. Februar 2005 und dem Allgemeinen Referenzrahmen f\u00fcr die Verbesserung der Zug\u00e4nglichkeit (RGAA 4.1) zug\u00e4nglich zu machen. Die Websites des Flower Campings Netzwerks basieren auf einem gemeinsamen Template, das von der Agentur Geek Tonic [&hellip;]<\/p>\n","protected":false},"author":1,"featured_media":7076,"parent":0,"menu_order":0,"comment_status":"closed","ping_status":"closed","template":"","meta":{"_seopress_robots_primary_cat":"","_seopress_titles_title":"Erkl\u00e4rung zur digitalen Zug\u00e4nglichkeit","_seopress_titles_desc":"Flower Campings engagiert sich f\u00fcr eine optimale digitale Zug\u00e4nglichkeit, die RGAA 4.1 und WCAG 2.1 Level AA erf\u00fcllt. Genie\u00dfen Sie eine inklusive Navigation. ","_seopress_robots_index":"yes","inline_featured_image":false,"gt_fse_maillage_image":"https:\/\/platinredoute.geek-tonic.dev\/wp-content\/uploads\/2026\/03\/phare-de-la-baleine-coucher-de-soleil-ile-de-re-region.jpg","gt_fse_maillage_titre":"Barrierefreiheit","gt_fse_maillage_alt":"phare de la baleine sonnenuntergang \u00cele de r\u00e9 region","gt_fse_maillage_resume":"","footnotes":""},"categories":[],"tags":[],"class_list":["post-5438","page","type-page","status-publish","has-post-thumbnail","hentry"],"publishpress_future_action":{"enabled":false,"date":"2026-04-20 04:40:19","action":"change-status","newStatus":"draft","terms":[],"taxonomy":"category","extraData":[]},"publishpress_future_workflow_manual_trigger":{"enabledWorkflows":[]},"_links":{"self":[{"href":"https:\/\/platinredoute.geek-tonic.dev\/de\/wp-json\/wp\/v2\/pages\/5438","targetHints":{"allow":["GET"]}}],"collection":[{"href":"https:\/\/platinredoute.geek-tonic.dev\/de\/wp-json\/wp\/v2\/pages"}],"about":[{"href":"https:\/\/platinredoute.geek-tonic.dev\/de\/wp-json\/wp\/v2\/types\/page"}],"author":[{"embeddable":true,"href":"https:\/\/platinredoute.geek-tonic.dev\/de\/wp-json\/wp\/v2\/users\/1"}],"replies":[{"embeddable":true,"href":"https:\/\/platinredoute.geek-tonic.dev\/de\/wp-json\/wp\/v2\/comments?post=5438"}],"version-history":[{"count":8,"href":"https:\/\/platinredoute.geek-tonic.dev\/de\/wp-json\/wp\/v2\/pages\/5438\/revisions"}],"predecessor-version":[{"id":7585,"href":"https:\/\/platinredoute.geek-tonic.dev\/de\/wp-json\/wp\/v2\/pages\/5438\/revisions\/7585"}],"wp:featuredmedia":[{"embeddable":true,"href":"https:\/\/platinredoute.geek-tonic.dev\/de\/wp-json\/wp\/v2\/media\/7076"}],"wp:attachment":[{"href":"https:\/\/platinredoute.geek-tonic.dev\/de\/wp-json\/wp\/v2\/media?parent=5438"}],"wp:term":[{"taxonomy":"category","embeddable":true,"href":"https:\/\/platinredoute.geek-tonic.dev\/de\/wp-json\/wp\/v2\/categories?post=5438"},{"taxonomy":"post_tag","embeddable":true,"href":"https:\/\/platinredoute.geek-tonic.dev\/de\/wp-json\/wp\/v2\/tags?post=5438"}],"curies":[{"name":"wp","href":"https:\/\/api.w.org\/{rel}","templated":true}]}}