{"id":5401,"date":"2026-01-13T21:32:53","date_gmt":"2026-01-13T20:32:53","guid":{"rendered":"https:\/\/platinredoute.geek-tonic.dev\/mentions-legales\/"},"modified":"2026-03-27T14:45:22","modified_gmt":"2026-03-27T13:45:22","slug":"impressum","status":"publish","type":"page","link":"https:\/\/platinredoute.geek-tonic.dev\/de\/impressum\/","title":{"rendered":"Impressum"},"content":{"rendered":"\n<div class=\"wp-block-group section-6 has-custom-color-3-background-color has-background has-global-padding is-layout-constrained wp-container-core-group-is-layout-de244258 wp-block-group-is-layout-constrained\" style=\"margin-top:0px;margin-bottom:0px;padding-top:4rem;padding-right:15rem;padding-bottom:8rem;padding-left:15rem\">\n<div class=\"wp-block-group content has-base-2-background-color has-background has-global-padding is-layout-constrained wp-container-core-group-is-layout-69f271cb wp-block-group-is-layout-constrained\" style=\"border-top-left-radius:10px;border-top-right-radius:10px;border-bottom-left-radius:10px;border-bottom-right-radius:10px;margin-top:0px;margin-bottom:0px;padding-top:40px;padding-right:40px;padding-bottom:40px;padding-left:40px\">\n<h1 class=\"wp-block-heading has-text-align-left has-custom-color-1-color has-text-color has-link-color has-x-large-font-size wp-elements-afb7c9833a8a31b66f4d46dee8d26953\">Impressum<\/h1>\n\n\n\n<h2 class=\"wp-block-heading\">Verantwortlich f\u00fcr die Website<\/h2>\n\n\n\n<p class=\"has-custom-color-1-color has-text-color has-link-color wp-elements-78899e407840d83a6a88eaa09e5a25b2\"><strong>Flower Camping Village Platin-Redoute<br\/><\/strong>Adresse: 125 avenue Gustave Perreau 17940 Rivedoux-Plage France<br\/>Telefon: <a href=\"tel:+33546098410\">+33 (0)5 46 09 84 10<\/a><br\/>Email: <a href=\"mailto:platin.redoute@flowercampings.com\">platin.redoute@flowercampings.com<\/a><br\/>SIRET: 793 853 128 000 23<br\/>N\u00b0 TVA Intracommunautaire: FR70793853128<\/p>\n\n\n\n<h2 class=\"wp-block-heading\">Realisierung<\/h2>\n\n\n\n<p class=\"has-custom-color-1-color has-text-color has-link-color wp-elements-2f84bf3b96950175cda7d3031908a1c3\"><strong>GEEK TONIC<\/strong> Vertreten durch Herrn Yohan Darmayan in seiner Eigenschaft als Gesch\u00e4ftsf\u00fchrer<br\/>Gesch\u00e4ftssitz: 16 chemin de Sabalce 64100 Bayonne<br\/>Tel.: <a href=\"https:\/\/www.google.com\/search?q=geek+tonic&amp;sxsrf=ALiCzsb97zG2dngu-WqfTOdPG_O6pmDSPQ%3A1665557722642&amp;ei=2mRGY-_0JorhlwS4vpuoCA&amp;ved=0ahUKEwjvyaSDjtr6AhWK8IUKHTjfBoUQ4dUDCA4&amp;uact=5&amp;oq=geek+tonic&amp;gs_lcp=Cgdnd3Mtd2l6EAMyBAgjECcyCgguEMcBEK8BECcyBggAEBYQHjIGCAAQFhAeMgIIJjoKCAAQRxDWBBCwAzoNCAAQ5AIQ1gQQsAMYAToICAAQFhAeEA86CAgAEBYQHhAKOgUIABCABDoLCC4QgAQQxwEQ0QM6CggAEIAEEIcCEBQ6CggAEIAEEAoQywFKBAhNGAFKBAhBGABKBAhGGAFQ4wtYgh1gkyBoAnABeACAAawBiAHRBJIBAzUuMZgBAKABAcgBDcABAdoBBggBEAEYCQ&amp;sclient=gws-wiz#\">+335 32 74 11 52<\/a><br\/>E-mail: <a href=\"mailto:support@geek-tonic.com\">support@geek-tonic.com<\/a><br\/>Website: <a href=\"https:\/\/www.geek-tonic.com\/\">www.geek-tonic.com<\/a><br\/>SIRET: 89746755100015<br\/>APE: 6201Z<\/p>\n\n\n\n<h2 class=\"wp-block-heading\">Urheberrecht und Copyright<\/h2>\n\n\n\n<p class=\"has-custom-color-1-color has-text-color has-link-color wp-elements-fd174822695c3e3c5adb31311c172568\">Der gesamte Inhalt dieser Website unterliegt dem Urheberrecht sowie dem geistigen Eigentum der franz\u00f6sischen Gesetzgebung. Jede Vervielf\u00e4ltigung (einschlie\u00dflich Fotos, Icons und herunterladbarer Dokumente) ist ohne vorherige Zustimmung von GEEK TONIC untersagt. Die Vervielf\u00e4ltigung der gesamten oder eines Teils der Website in Papier- oder elektronischem Format auf einem elektronischen Datentr\u00e4ger ist verboten. GEEK TONIC \u00fcbernimmt keine Verantwortung f\u00fcr die Inhalte auf der Website. GEEK TONIC \u00fcbernimmt auch keine Verantwortung f\u00fcr externe Links, die auf diese Website verweisen.   <\/p>\n\n\n\n<h2 class=\"wp-block-heading\">Pers\u00f6nliche Daten und namentliche Informationen<\/h2>\n\n\n\n<p class=\"has-custom-color-1-color has-text-color has-link-color wp-elements-609f2d0a965a1f778d3a8b7cf374147f\">Sie haben ein Recht auf Zugang, \u00c4nderung, Berichtigung und L\u00f6schung der Sie betreffenden Daten gem\u00e4\u00df Artikel 34 des Gesetzes &#8222;Informatique et Libert\u00e9s&#8220; Nr. 78-17 vom 6. Januar 1978, ge\u00e4ndert am 6. August 2018. Um dieses Zugangsrecht auszu\u00fcben, k\u00f6nnen Sie eine einfache schriftliche Anfrage an den Herausgeber der Website richten. <\/p>\n\n\n\n<h2 class=\"wp-block-heading\">Gesetzgebung<\/h2>\n\n\n\n<p class=\"has-custom-color-1-color has-text-color has-link-color wp-elements-6d4b9e111eb4b71c7fd7cfc69b682346\">Gem\u00e4\u00df dem Gesetz vom 11. M\u00e4rz 1957 (Art. 41) und dem Gesetzbuch \u00fcber geistiges Eigentum vom 1. Juli 1992 ist es verboten, einen Teil der Website ohne vorherige Genehmigung des Herausgebers der Website teilweise oder vollst\u00e4ndig zu reproduzieren. Die Logos, Bilder, Fotos, Videos, Grafiken und Texte sind Eigentum ihrer jeweiligen Besitzer. Diese Website kann ohne sein Wissen mit anderen Websites \u00fcber Hypermedia-Links verbunden sein. Der Herausgeber der Website lehnt jede Verantwortung f\u00fcr die Informationen auf diesen anderen Websites ab. Der Internetnutzer erkennt an, dass die Nutzung dieser Website dem franz\u00f6sischen Recht unterliegt.    <\/p>\n\n\n\n<h2 class=\"wp-block-heading\">Schlichtung von Verbraucherrechtsstreitigkeiten<\/h2>\n\n\n\n<p class=\"has-custom-color-1-color has-text-color has-link-color wp-elements-9510c3ccf6bc9ae97711b21fc1424908\">Gem\u00e4\u00df den Bestimmungen des Verbraucherschutzgesetzes \u00fcber das &#8222;Schlichtungsverfahren f\u00fcr Verbraucherrechtsstreitigkeiten&#8220; hat der Kunde das Recht, kostenlos den von <strong>Camping Flower Les \u00eeles<\/strong> angebotenen Schlichtungsdienst in Anspruch zu nehmen. Der vorgeschlagene Mediator f\u00fcr Verbraucherrecht ist CM2C. Diese Schlichtungsstelle kann erreicht werden \u00fcber: &#8211; elektronisch: www.cm2c.net; &#8211; oder auf dem Postweg: CM2C &#8211; Centre de m\u00e9diation et r\u00e8glement amiable des huissiers de justice &#8211; 14, Rue Saint-Jean, 75017 Paris.  <\/p>\n\n\n\n<h2 class=\"wp-block-heading\">Verantwortung f\u00fcr legale Inhalte<\/h2>\n\n\n\n<p class=\"has-custom-color-1-color has-text-color has-link-color wp-elements-fc86ed880be060417215b7a30642df92\">Als Eigent\u00fcmer Ihrer Website sind Sie daf\u00fcr verantwortlich, dass die Seiten Impressum und Datenschutzerkl\u00e4rung den geltenden Gesetzen entsprechen, insbesondere der GDPR (General Data Protection Regulation) f\u00fcr Websites, die personenbezogene Daten sammeln. Diese Seiten sollten regelm\u00e4\u00dfig aktualisiert werden und die rechtlichen und praktischen Informationen Ihres Unternehmens sowie die Verarbeitung personenbezogener Daten, die Sie vornehmen, transparent wiedergeben. <\/p>\n\n\n\n<p class=\"has-custom-color-1-color has-text-color has-link-color wp-elements-c90e023ec63db0dd416593ea634bca78\">Unsere Agentur kann Sie bei der technischen Einrichtung dieser Seiten unterst\u00fctzen, aber Sie bleiben f\u00fcr den rechtlichen Inhalt dieser Seiten verantwortlich. Wir empfehlen Ihnen dringend, einen Rechtsexperten zu konsultieren, um sicherzustellen, dass Ihr Impressum und Ihre Datenschutzrichtlinie mit den f\u00fcr Ihr Unternehmen geltenden Gesetzen \u00fcbereinstimmen. Kontaktieren Sie uns, wenn Sie dies ben\u00f6tigen, und wir k\u00f6nnen Sie an einen Partneranwalt verweisen.  <\/p>\n<\/div>\n<\/div>\n","protected":false},"excerpt":{"rendered":"<p>Impressum Verantwortlich f\u00fcr die Website Flower Camping Village Platin-RedouteAdresse: 125 avenue Gustave Perreau 17940 Rivedoux-Plage FranceTelefon: +33 (0)5 46 09 84 10Email: platin.redoute@flowercampings.comSIRET: 793 853 128 000 23N\u00b0 TVA Intracommunautaire: FR70793853128 Realisierung GEEK TONIC Vertreten durch Herrn Yohan Darmayan in seiner Eigenschaft als Gesch\u00e4ftsf\u00fchrerGesch\u00e4ftssitz: 16 chemin de Sabalce 64100 BayonneTel.: +335 32 74 11 52E-mail: [&hellip;]<\/p>\n","protected":false},"author":1,"featured_media":6603,"parent":0,"menu_order":0,"comment_status":"closed","ping_status":"closed","template":"","meta":{"_seopress_robots_primary_cat":"","_seopress_titles_title":"Impressum","_seopress_titles_desc":"Erkunden Sie unsere Impressum f\u00fcr eine sorgenfreie Nutzung. Ihre Rechtssicherheit ist unsere oberste Priorit\u00e4t. ","_seopress_robots_index":"yes","inline_featured_image":false,"gt_fse_maillage_image":"https:\/\/platinredoute.geek-tonic.dev\/wp-content\/uploads\/2026\/03\/ile-de-re-velo-plage-camping.jpg","gt_fse_maillage_titre":"Impressum","gt_fse_maillage_alt":"\u00cele de R\u00e9 Radfahren Strand Camping","gt_fse_maillage_resume":"","footnotes":""},"categories":[],"tags":[],"class_list":["post-5401","page","type-page","status-publish","has-post-thumbnail","hentry"],"publishpress_future_action":{"enabled":false,"date":"2026-04-20 04:40:23","action":"change-status","newStatus":"draft","terms":[],"taxonomy":"category","extraData":[]},"publishpress_future_workflow_manual_trigger":{"enabledWorkflows":[]},"_links":{"self":[{"href":"https:\/\/platinredoute.geek-tonic.dev\/de\/wp-json\/wp\/v2\/pages\/5401","targetHints":{"allow":["GET"]}}],"collection":[{"href":"https:\/\/platinredoute.geek-tonic.dev\/de\/wp-json\/wp\/v2\/pages"}],"about":[{"href":"https:\/\/platinredoute.geek-tonic.dev\/de\/wp-json\/wp\/v2\/types\/page"}],"author":[{"embeddable":true,"href":"https:\/\/platinredoute.geek-tonic.dev\/de\/wp-json\/wp\/v2\/users\/1"}],"replies":[{"embeddable":true,"href":"https:\/\/platinredoute.geek-tonic.dev\/de\/wp-json\/wp\/v2\/comments?post=5401"}],"version-history":[{"count":6,"href":"https:\/\/platinredoute.geek-tonic.dev\/de\/wp-json\/wp\/v2\/pages\/5401\/revisions"}],"predecessor-version":[{"id":7487,"href":"https:\/\/platinredoute.geek-tonic.dev\/de\/wp-json\/wp\/v2\/pages\/5401\/revisions\/7487"}],"wp:featuredmedia":[{"embeddable":true,"href":"https:\/\/platinredoute.geek-tonic.dev\/de\/wp-json\/wp\/v2\/media\/6603"}],"wp:attachment":[{"href":"https:\/\/platinredoute.geek-tonic.dev\/de\/wp-json\/wp\/v2\/media?parent=5401"}],"wp:term":[{"taxonomy":"category","embeddable":true,"href":"https:\/\/platinredoute.geek-tonic.dev\/de\/wp-json\/wp\/v2\/categories?post=5401"},{"taxonomy":"post_tag","embeddable":true,"href":"https:\/\/platinredoute.geek-tonic.dev\/de\/wp-json\/wp\/v2\/tags?post=5401"}],"curies":[{"name":"wp","href":"https:\/\/api.w.org\/{rel}","templated":true}]}}