{"id":5389,"date":"2025-12-03T09:35:49","date_gmt":"2025-12-03T08:35:49","guid":{"rendered":"https:\/\/platinredoute.geek-tonic.dev\/politique-de-confidentialite\/"},"modified":"2026-03-27T14:53:55","modified_gmt":"2026-03-27T13:53:55","slug":"datenschutzrichtlinie","status":"publish","type":"page","link":"https:\/\/platinredoute.geek-tonic.dev\/de\/datenschutzrichtlinie\/","title":{"rendered":"Datenschutzrichtlinie"},"content":{"rendered":"\n<div class=\"wp-block-group section-6 has-custom-color-3-background-color has-background has-global-padding is-layout-constrained wp-container-core-group-is-layout-de244258 wp-block-group-is-layout-constrained\" style=\"margin-top:0px;margin-bottom:0px;padding-top:4rem;padding-right:15rem;padding-bottom:8rem;padding-left:15rem\">\n<div class=\"wp-block-group content has-base-2-background-color has-background has-global-padding is-layout-constrained wp-container-core-group-is-layout-69f271cb wp-block-group-is-layout-constrained\" style=\"border-top-left-radius:10px;border-top-right-radius:10px;border-bottom-left-radius:10px;border-bottom-right-radius:10px;margin-top:0px;margin-bottom:0px;padding-top:40px;padding-right:40px;padding-bottom:40px;padding-left:40px\">\n<h1 class=\"wp-block-heading has-custom-color-1-color has-text-color has-link-color has-x-large-font-size wp-elements-478a7801bf16ba558968775d20468fd5\">Pers\u00f6nliche Daten<\/h1>\n\n\n\n<div style=\"height:30px\" aria-hidden=\"true\" class=\"wp-block-spacer gt-hide-mobile\"><\/div>\n\n\n\n<h2 class=\"wp-block-heading\">Sehr geehrte Kunden<\/h2>\n\n\n\n<p class=\"has-custom-color-1-color has-text-color has-link-color wp-elements-e19989ff92fd3224046f433bb14ecaea\">Die Allgemeine Datenschutzverordnung (GDPR) gilt in der Europ\u00e4ischen Union ab dem 25. Mai 2018.<\/p>\n\n\n\n<p class=\"has-custom-color-1-color has-text-color has-link-color wp-elements-dd0fd3bf5e03e10d24d439328baffb52\">Die Umsetzung dieser Verordnung bietet den Unternehmen der Flower Group (nachstehend Flower&#8220; genannt) die Gelegenheit, durch diese Charta, die in die Allgemeinen Gesch\u00e4ftsbedingungen integriert ist, die Grunds\u00e4tze zu best\u00e4tigen, die die Nutzung Ihrer pers\u00f6nlichen Daten durch Flower leiten.  <br \/>Diese Charta kann regelm\u00e4\u00dfig aktualisiert werden, insbesondere um m\u00f6glichen \u00c4nderungen der Gesetzgebung Rechnung zu tragen oder um neue Organisationsformen innerhalb von Flower zu integrieren.<\/p>\n\n\n\n<h2 class=\"wp-block-heading\">Definition von pers\u00f6nlichen Daten<\/h2>\n\n\n\n<p class=\"has-custom-color-1-color has-text-color has-link-color wp-elements-083230d15e758b4d7b5372f36cc6be92\">Personenbezogene Daten sind Informationen in einem Format, das es erm\u00f6glicht, eine nat\u00fcrliche Person direkt (Name, Vorname) oder indirekt (Kennung, Telefonnummer, biometrische Daten, &#8230;) zu identifizieren.  <br \/>Beispiele: Name, Foto, IP-Adresse, Telefonnummer, Computer-Login (Login\/Passwort f\u00fcr den Kundenbereich), Postanschrift, E-Mail-Adresse.<\/p>\n\n\n\n<h2 class=\"wp-block-heading\">Verarbeitung von pers\u00f6nlichen Daten<\/h2>\n\n\n\n<p class=\"has-custom-color-1-color has-text-color has-link-color wp-elements-82a067d9604c15001f674c359b8afc36\">Die Verarbeitung personenbezogener Daten kann das Sammeln, Aufzeichnen, Organisieren, Aufbewahren, Anpassen, Modifizieren, Extrahieren, Abfragen, Verwenden oder \u00dcbermitteln personenbezogener Daten, wie oben definiert, umfassen.<\/p>\n\n\n\n<h2 class=\"wp-block-heading\">Anwendungsbereich der Charta<\/h2>\n\n\n\n<p class=\"has-custom-color-1-color has-text-color has-link-color wp-elements-0601a394d74436b2d734f9be99ce57eb\">Diese Richtlinie gilt f\u00fcr die Verarbeitung personenbezogener Daten durch Flower auf der Reservierungs-Website und im Allgemeinen in der Beziehung zwischen Flower und allen Kunden.<\/p>\n\n\n\n<h2 class=\"wp-block-heading\">Die von Flower gesammelten pers\u00f6nlichen Daten<\/h2>\n\n\n\n<p class=\"has-custom-color-1-color has-text-color has-link-color wp-elements-d31ded93d7295b93017a4f3637db018d\">Es kann sich um :  <\/p>\n\n\n\n<ul class=\"wp-block-list has-custom-color-1-color has-text-color has-link-color wp-elements-de4279d6182533b7b0833708f81fbf77\">\n<li>Ihre Kontaktdaten und Ihren Zivilstand (Name, Vorname, Geburtsdatum, Staatsangeh\u00f6rigkeit, Postanschrift, E-Mail-Adresse, Telefonnummer, Autokennzeichen).  <\/li>\n\n\n\n<li>Die Namen der Personen, die Sie begleiten.  <br \/> <\/li>\n<\/ul>\n\n\n\n<p class=\"has-custom-color-1-color has-text-color has-link-color wp-elements-793bd9454061c8ee191ec87dfb7ea093\">Bei Minderj\u00e4hrigen erheben wir \u00fcber eine vollj\u00e4hrige Person nur ihren Namen, Vornamen, ihre Staatsangeh\u00f6rigkeit und ihr Geburtsdatum.  <\/p>\n\n\n\n<ul class=\"wp-block-list\">\n<li>Informationen \u00fcber Ihre Zahlungsmethoden (Kreditkartennummer).  <\/li>\n\n\n\n<li>Ihre Urlaubsdaten.  <\/li>\n\n\n\n<li>Ihre Pr\u00e4ferenzen w\u00e4hrend des Aufenthalts (z.B. Ausrichtung der Wohnung, Bettentyp) und der Nebenaktivit\u00e4ten (z.B. Reservierung der Vermietung von Skiausr\u00fcstung oder Skiliften).  <\/li>\n\n\n\n<li>Bestimmte Einschr\u00e4nkungen, die bei <br \/>ber\u00fccksichtigt werden m\u00fcssen (z. B. Personen mit eingeschr\u00e4nkter Mobilit\u00e4t).  <\/li>\n\n\n\n<li>Ihre IP-Adresse, den Browser, den Sie verwenden, und Ihre Spracheinstellungen.  <\/li>\n\n\n\n<li>Wie Sie auf unserer Website navigieren (besuchte Seiten, Klicks).  <\/li>\n\n\n\n<li>Einige unserer Einrichtungen werden zum Schutz von Personen und Eigentum video\u00fcberwacht. Sie k\u00f6nnen also gefilmt werden. <\/li>\n<\/ul>\n\n\n\n<h2 class=\"wp-block-heading has-custom-color-1-color has-text-color has-link-color wp-elements-9f395fc7abed38c9a8e16bc9c86ff0d6\">Wann werden pers\u00f6nliche Daten gesammelt?<\/h2>\n\n\n\n<p class=\"has-custom-color-1-color has-text-color has-link-color wp-elements-a7034531890e4bec7566d9dec729bdd0\">Pers\u00f6nliche Daten werden gesammelt:<\/p>\n\n\n\n<ul class=\"wp-block-list has-custom-color-1-color has-text-color has-link-color wp-elements-5f125abd4eb85376930a052e04498996\">\n<li>Bei der Reservierung eines Urlaubs, unabh\u00e4ngig davon, ob die Reservierung direkt oder \u00fcber einen Dritten (Reiseveranstalter, Betriebsr\u00e4te, Reiseb\u00fcros usw.) erfolgt, ob sie physisch, per Post, online oder telefonisch erfolgt und ob sie eine von Flower direkt verwaltete Website oder eine von einem Hosting-Anbieter verwaltete Website betrifft.<\/li>\n\n\n\n<li>Bei der Inanspruchnahme von Nebenleistungen in unseren Einrichtungen (Ausfl\u00fcge, Restaurants, Bars).<\/li>\n\n\n\n<li>Bei Beschwerden oder Streitigkeiten<\/li>\n\n\n\n<li>Bei der Teilnahme an Zufriedenheitsumfragen.<\/li>\n\n\n\n<li>Bei der Teilnahme an Gewinnspielen.<\/li>\n\n\n\n<li>Beim Abonnement von Newslettern.<\/li>\n\n\n\n<li>Bei der Anmeldung auf unseren Webseiten (IP-Adresse, Cookies).<\/li>\n\n\n\n<li>Beim Besuch unserer Seiten in sozialen Netzwerken.<\/li>\n\n\n\n<li>Bei der \u00dcbermittlung Ihrer Daten an bestimmte Dienstleister (z.B. Banken f\u00fcr die Abwicklung von Zahlungen, Router f\u00fcr den Versand von Katalogen oder Marketingdienstleister).<\/li>\n\n\n\n<li>Bei der Aufnahme von Bildern durch Video\u00fcberwachung.<\/li>\n<\/ul>\n\n\n\n<h2 class=\"wp-block-heading has-custom-color-1-color has-text-color has-link-color wp-elements-6a6727a10c9d36217fdc64e0f4b6e3d0\">Zu welchem Zweck sammeln wir pers\u00f6nliche Daten?<\/h2>\n\n\n\n<p class=\"has-custom-color-1-color has-text-color has-link-color wp-elements-151921d006bc7158793b3745b4d8ff73\">Wir sammeln Ihre pers\u00f6nlichen Daten zu folgenden Zwecken:<\/p>\n\n\n\n<ul class=\"wp-block-list has-custom-color-1-color has-text-color has-link-color wp-elements-d7d79ba10179f93c515b1e53195a60e4\">\n<li>Sich selbst besser kennenlernen.<\/li>\n\n\n\n<li>Mit Ihnen kommunizieren.<\/li>\n\n\n\n<li>Verwaltung unserer Beziehung (Reservierung von Aufenthalten, besondere Anfragen, Aufenthalt, <br \/>nach dem Aufenthalt).<\/li>\n\n\n\n<li>Werbung f\u00fcr unsere Marken.<\/li>\n\n\n\n<li>Ihnen jederzeit einen qualitativ hochwertigen Kundenservice zu bieten, der es Ihnen erm\u00f6glicht, die personalisierten Angebote zu nutzen, die am besten auf Ihre Erwartungen zugeschnitten sind, wie sie aus Ihren W\u00fcnschen, Konsumgewohnheiten und Kommentaren hervorgehen.<\/li>\n\n\n\n<li>in diesem Rahmen und mit diesem Ziel Analysen und Studien durchzuf\u00fchren, um die Kundendatenbank durch eine bessere Kenntnis Ihrer Interessensgebiete zu qualifizieren\/zu bereichern.<\/li>\n\n\n\n<li>Daten abgleichen, analysieren und kombinieren.<\/li>\n\n\n\n<li>Erstellen von Statistiken.<\/li>\n\n\n\n<li>Bearbeitung von Beschwerden.<\/li>\n\n\n\n<li>die von Ihnen get\u00e4tigten Zahlungen zu sichern.<\/li>\n\n\n\n<li>Die Buchf\u00fchrung \u00fcber die Inanspruchnahme von Nebenleistungen (Verpflegung, Bar, Ausfl\u00fcge usw.).<\/li>\n\n\n\n<li>Sicherung und Verbesserung der Nutzung und Navigation auf der Flower-Website.  <\/li>\n\n\n\n<li>Einhaltung des rechtlichen und regulatorischen Umfelds, in dem Flower t\u00e4tig ist (Beantwortung von Anfragen von Beh\u00f6rden, Bearbeitung von Streitigkeiten, \u00dcberwachung der Einhaltung der geltenden Vorschriften).<\/li>\n\n\n\n<li>Verhinderung von Betrug.<\/li>\n\n\n\n<li>Organisation von Gewinnspielen.<\/li>\n<\/ul>\n\n\n\n<h2 class=\"wp-block-heading has-custom-color-1-color has-text-color has-link-color wp-elements-41a335f470cdb068e1284d677109b972\">Die Datenschutzverpflichtungen von Flower<\/h2>\n\n\n\n<p class=\"has-custom-color-1-color has-text-color has-link-color wp-elements-459b3f1ffd34d0833724267c4539bb5e\">1\/ keine Informationen zu sammeln, die nicht unbedingt f\u00fcr die Aus\u00fcbung unserer Gesch\u00e4ftst\u00e4tigkeit, die Zufriedenheit unserer Kunden und die Verbesserung unserer Produkte und Dienstleistungen erforderlich sind.  <br \/><br \/>2\/ Keine &#8222;sensiblen&#8220; Informationen \u00fcber die angeblich rassische oder ethnische Herkunft, politische, philosophische oder religi\u00f6se Meinungen, Gewerkschaftszugeh\u00f6rigkeit, sexuelle Orientierung, Gesundheit, genetische oder biometrische Daten, Straftaten oder strafrechtliche Verurteilungen zu sammeln.  <br \/><br \/>3\/ die Anzahl der Personen innerhalb von Flower, die Zugang zu Ihren personenbezogenen Daten haben, so weit wie m\u00f6glich zu begrenzen, indem wir spezifische Berechtigungen in den betreffenden Abteilungen (Verkaufsabteilung, Anlagenbetreiber, Buchhaltung, IT-Abteilung, Marketingabteilung, Rechtsabteilung) vorsehen. Durchf\u00fchrung umfangreicher interner Sensibilisierungsma\u00dfnahmen zum Schutz Ihrer Privatsph\u00e4re.  <br \/><br \/>4\/ Ihre Daten nur f\u00fcr einen Zeitraum aufbewahren, der mit den Zwecken der Verarbeitung oder unseren gesetzlichen Verpflichtungen vereinbar ist: 13 Monate f\u00fcr Cookies (ab der letzten Verbindung), 5 Jahre f\u00fcr andere pers\u00f6nliche Daten (ab der letzten Transaktion), 1 Monat f\u00fcr Bilder aus der Video\u00fcberwachung.  <br \/><br \/>5\/ Keine Ihrer Daten au\u00dferhalb der Europ\u00e4ischen Union zu \u00fcbertragen.  <br \/><br \/>6\/ Ihnen jederzeit die Aus\u00fcbung der Rechte, die Sie in Bezug auf Ihre pers\u00f6nlichen Daten haben, zu garantieren:  <br \/><br \/>&#8211; Zugangsberechtigung.  <br \/>&#8211; Recht auf Widerspruch.  <br \/>&#8211; Recht auf Berichtigung.  <br \/>&#8211; Recht auf L\u00f6schung.  <br \/>&#8211; Recht auf Einschr\u00e4nkung.  <br \/>&#8211; Recht auf \u00dcbertragbarkeit.  <br \/><br \/>Um Ihre Rechte auszu\u00fcben, k\u00f6nnen Sie uns unter der E-Mail-Adresse dpo@odalys-vacances.com kontaktieren.  <br \/><br \/>In diesem Zusammenhang werden Sie aufgefordert, Ihre Identit\u00e4t nachzuweisen, um Ihre Rechte aus\u00fcben zu k\u00f6nnen.  <br \/><br \/>Die Frist f\u00fcr die Beantwortung eines vollst\u00e4ndigen Antrags betr\u00e4gt 2 Monate.  <br \/><br \/>7\/ Vertraulichkeit und Sicherheit  <br \/><br \/>Wir werden jederzeit alles in unserer Macht Stehende tun, um Ihre pers\u00f6nlichen Daten vor unbefugter Nutzung durch zuf\u00e4llige oder absichtliche Eingriffe in unsere Informationssysteme, einschlie\u00dflich unserer Zahlungssysteme, zu sch\u00fctzen.  <br \/><br \/>Zum Beispiel: Einrichtung von Firewalls, Verwendung der Secure Socket Layer Technologie bei Kreditkartenzahlungen, Einrichtung von Passw\u00f6rtern auf allen Computern, die Zugang zu pers\u00f6nlichen Daten haben.  <br \/><br \/>8\/ Transfers  <br \/><br \/>Sicherstellen, dass die Dienstleister (Vermarkter, Hoster, Marketingdienstleister, &#8230;), an die wir Ihre personenbezogenen Daten weitergeben, die Bestimmungen der DSGVO strengstens einhalten.  <br \/><br \/><br \/>9\/ Datenaustausch zwischen Flower und den Franchisenehmern  <br \/><br \/>Flower betreibt Campingpl\u00e4tze direkt und hat auch ein Netzwerk von Franchise-Campingpl\u00e4tzen, die unter dem Namen &#8222;Flower Campings&#8220; (im Folgenden &#8222;Franchisenehmer&#8220;) agieren.  <br \/><br \/>Die auf der Flower-Website gesammelten Daten sind f\u00fcr Flower oder die Franchisenehmer bestimmt, um Sie besser kennen zu lernen und Ihnen als Nutzer unserer Dienstleistungen oder als Kunde der Franchise-Campingpl\u00e4tze besser dienen zu k\u00f6nnen. Durch die Nutzung der Website k\u00f6nnen Sie die von Flower und\/oder den Franchisenehmern angebotenen Dienstleistungen in Anspruch nehmen.  Sie erkl\u00e4ren sich damit einverstanden, dass Ihre Daten zwischen Flower und den Franchisenehmern geteilt werden, wenn diese ihre Mittel im Rahmen ihrer Netzwerkorganisation zusammenlegen.  <br \/><br \/>Die Franchisenehmer sind f\u00fcr die Verarbeitung verantwortlich, wenn die personenbezogenen Daten direkt von ihnen oder \u00fcber ihre Website gesammelt werden.  <br \/><br \/>10\/ Zustimmung  <br \/><br \/>Ihre klare und unzweideutige Zustimmung zur Nutzung Ihrer Daten einzuholen.  <br \/><br \/>Ihnen jederzeit die M\u00f6glichkeit zu bieten, den Erhalt von Nachrichten von uns abzulehnen (Abmeldelink).  <br \/><br \/>11\/ Ernennung eines DPO (Data Protection Officer) &#8211; Verantwortung f\u00fcr die Dateien  <br \/><br \/>Flower SAS ist der Verantwortliche f\u00fcr die Dateien, wenn Daten auf der Flower-Website gesammelt werden.  <br \/>Flower geh\u00f6rt zur selben Gruppe wie die Odalys-Gruppe, die einen Datenschutzbeauftragten (DPO) ernannt hat.  <br \/>Die Kontaktdaten des DPO der Odalys Group sind :  <br \/><br \/><a href=\"mailto:dpo@odalys-vacances.com\">dpo@odalys-vacances.com<\/a> <br \/><br \/>Datenschutzbeauftragter der Odalys-Gruppe <br \/>655, rue Ren\u00e9 Descartes, <br \/>Parc de la Duranne &#8211; BP 412 <br \/>13591 AIX EN PROVENCE Cedex<\/p>\n\n\n\n<h2 class=\"wp-block-heading has-custom-color-1-color has-text-color has-link-color wp-elements-080fb75373cedaeaf355c7049cd20ce3\">Cookies<\/h2>\n\n\n\n<p class=\"has-custom-color-1-color has-text-color has-link-color wp-elements-6429df74e3e35b4532af6d5124ff6302\">Wenn Sie unsere Website besuchen, k\u00f6nnen wir, vorbehaltlich Ihrer Wahl, \u00fcber Ihren Browser eine Textdatei, auch Cookie genannt, auf Ihrem Computer ablegen.<br \/><br \/>Diese Datei hat eine begrenzte Lebensdauer und wird von selbst gel\u00f6scht, wenn ihre Lebensdauer abgelaufen ist.<br \/><br \/>W\u00e4hrend seiner G\u00fcltigkeits- oder Speicherungsdauer erm\u00f6glicht er uns, Ihren Computer bei Ihren n\u00e4chsten Besuchen zu identifizieren. Diese Cookies enthalten keine Viren. <br \/><br \/>Flower verwendet Cookies, um Ihre Erfahrung auf unserer Website zu verbessern.<br \/><br \/>Einige Cookies sind f\u00fcr das Funktionieren der Website unerl\u00e4sslich; andere helfen uns zu verstehen, welche Inhalte f\u00fcr unsere Besucher am n\u00fctzlichsten sind, und erm\u00f6glichen es uns, Ihnen bessere Dienstleistungen und Inhalte anzubieten und unseren Nutzern die relevantesten Angebote durch Werbung oder Kommunikationskampagnen zu unterbreiten.<\/p>\n\n\n\n<h2 class=\"wp-block-heading has-custom-color-1-color has-text-color has-link-color wp-elements-54597d79de38e703deb53b1c31e1904b\">Arten von Cookies, die wir verwenden<\/h2>\n\n\n\n<p class=\"has-custom-color-1-color has-text-color has-link-color wp-elements-0c1dc78d043a48e82bc8ae9391240517\">Sicherheit: Diese Cookies erm\u00f6glichen es uns, die Sicherheit auf unserer Seite zu gew\u00e4hrleisten.<br \/><br \/>Seitenmerkmale: Wir messen, wie Besucher unsere Seite nutzen, damit wir die Webseiten und die Nutzung unserer Seite optimieren k\u00f6nnen.<br \/><br \/>Analytics: Wir verfolgen die Trends des Seitenverkehrs, damit wir die beliebtesten Inhalte der Seite und potenzielle Probleme der Seite identifizieren k\u00f6nnen.<br \/><br \/>Werbung: Wir nutzen Ihre Standort- und fr\u00fcheren Navigationsdaten auf unserer Seite, um Ihnen Werbung auf unserer Seite zu zeigen.<br \/><br \/>Unsere Webseite enth\u00e4lt Einzelheiten zu den verwendeten Cookies und den Zwecken, f\u00fcr die sie verwendet werden.<\/p>\n\n\n\n<h2 class=\"wp-block-heading has-custom-color-1-color has-text-color has-link-color wp-elements-da6bfa71614e679109f4fd80f366a499\">Ihre Wahl in Bezug auf Cookies<\/h2>\n\n\n\n<p class=\"has-custom-color-1-color has-text-color has-link-color wp-elements-415d6e1a6430ec54dd9f188a20aded97\">Das Speichern eines Cookies auf Ihrem Computer h\u00e4ngt von Ihrem Willen ab.<br \/><br \/>\u00dcber die Einstellungen Ihrer Internet-Browser-Software k\u00f6nnen Sie jederzeit einfach und kostenlos entscheiden, ob Sie die Speicherung von Cookies auf Ihrem Computer akzeptieren wollen oder nicht.<\/p>\n\n\n\n<h2 class=\"wp-block-heading has-custom-color-1-color has-text-color has-link-color wp-elements-16b1b9f522e80abf2c3a6b885af3febc\">Die Wahlm\u00f6glichkeiten, die Ihnen Ihre Browser-Software bietet<\/h2>\n\n\n\n<p class=\"has-custom-color-1-color has-text-color has-link-color wp-elements-9e2992b357a6f87aac2b26a2e222e786\">Sie k\u00f6nnen eine Funktion w\u00e4hlen, mit der Ihr Computer Sie jedes Mal warnt, wenn ein Cookie auf Ihrem Computer abgelegt wird, oder Sie k\u00f6nnen alle Cookies deaktivieren.<br \/>Um dies zu tun, sollten Sie die Einstellungen Ihres Browsers identifizieren. Jeder Browser ist etwas anders, daher sollten Sie das Men\u00fc<br \/>&#8222;Hilfe&#8220; Ihres Browsers lesen, um zu verstehen, wie Sie Ihre Cookies \u00e4ndern k\u00f6nnen. <\/p>\n\n\n\n<p class=\"has-custom-color-1-color has-text-color has-link-color wp-elements-931979bb93184b7461ab1c703249bda4\">Sie k\u00f6nnen Ihren Browser so einstellen, dass Cookies (a) akzeptiert und auf Ihrem Computer gespeichert werden oder (b) nicht akzeptiert werden.  <\/p>\n\n\n\n<p class=\"has-custom-color-1-color has-text-color has-link-color wp-elements-b931e727d3998070a8c1031d86956b3c\">a. Die Vereinbarung \u00fcber Cookies <\/p>\n\n\n\n<p class=\"has-custom-color-1-color has-text-color has-link-color wp-elements-efc608f485d1d340d39d5f163675dd52\">Wenn Ihr Browser so eingestellt ist, dass er das Speichern von Cookies auf Ihrem Computer akzeptiert, werden die Cookies, die in den von Ihnen besuchten Seiten und Inhalten enthalten sind, systematisch auf Ihrem Computer gespeichert.<\/p>\n\n\n\n<p class=\"has-custom-color-1-color has-text-color has-link-color wp-elements-73fb4f33a372a2cfd437ac9a1f1d30ea\">b. Ablehnung von Cookies <\/p>\n\n\n\n<p class=\"has-custom-color-1-color has-text-color has-link-color wp-elements-37e50f2a2b22c4b4443e0384f7b7bc63\">Sie k\u00f6nnen Ihre Browser-Software so einstellen, dass:<br \/>&#8211; die Annahme oder Ablehnung von Cookies nur einmal vorgeschlagen wird, bevor ein Cookie gespeichert werden kann;<br \/>&#8211; die Speicherung von Cookies auf Ihrem Computer systematisch abgelehnt wird.<\/p>\n\n\n\n<p class=\"has-custom-color-1-color has-text-color has-link-color wp-elements-fec2066a821a9a5a550167216f8adb28\">Achtung: Jede Einstellung, die Sie in Ihrer Browser-Software in Bezug auf die Annahme oder Ablehnung von Cookies vornehmen k\u00f6nnen, kann Ihre Navigation im Internet und Ihre Zugangsbedingungen zu bestimmten Diensten, die die Verwendung derselben Cookies erfordern, ver\u00e4ndern.<\/p>\n\n\n\n<p class=\"has-custom-color-1-color has-text-color has-link-color wp-elements-0873520419f4b5b7558b2c3102b2a735\">Wenn Sie Cookies deaktivieren, k\u00f6nnen einige unserer Dienste nicht richtig funktionieren. Sie k\u00f6nnen Ihren Aufenthalt nicht online reservieren. Sie m\u00fcssen sich an unsere Reservierungszentrale wenden, um Ihren Aufenthalt zu buchen.  <\/p>\n\n\n\n<p class=\"has-custom-color-1-color has-text-color has-link-color wp-elements-ab943c831e2a5110f0b1cd133a56ad8b\">Wie k\u00f6nnen Sie Ihre Wahlm\u00f6glichkeiten aus\u00fcben, je nachdem, welchen Browser Sie verwenden?<\/p>\n\n\n\n<p class=\"has-custom-color-1-color has-text-color has-link-color wp-elements-71c0033a1e5b6896bfa99c44136ad578\">Wenn Sie einen anderen Browsertyp oder eine andere Browserversion haben, bitten wir Sie<br \/>, das &#8222;Hilfe&#8220;-Men\u00fc Ihres Browsers zu konsultieren.<\/p>\n\n\n\n<p class=\"has-custom-color-1-color has-text-color has-link-color wp-elements-7c9f29445e28a818d529e440a3cdd3d6\">Auf unserer Website wird detailliert beschrieben, wie Sie die Cookies der wichtigsten Browser (Internet Explorer, Google Chrome, Mozilla Firefox, Safari, Opera) verwalten k\u00f6nnen.<\/p>\n<\/div>\n<\/div>\n","protected":false},"excerpt":{"rendered":"<p>Pers\u00f6nliche Daten Sehr geehrte Kunden Die Allgemeine Datenschutzverordnung (GDPR) gilt in der Europ\u00e4ischen Union ab dem 25. Mai 2018. Die Umsetzung dieser Verordnung bietet den Unternehmen der Flower Group (nachstehend Flower&#8220; genannt) die Gelegenheit, durch diese Charta, die in die Allgemeinen Gesch\u00e4ftsbedingungen integriert ist, die Grunds\u00e4tze zu best\u00e4tigen, die die Nutzung Ihrer pers\u00f6nlichen Daten durch [&hellip;]<\/p>\n","protected":false},"author":1,"featured_media":7073,"parent":0,"menu_order":0,"comment_status":"closed","ping_status":"closed","template":"","meta":{"_seopress_robots_primary_cat":"","_seopress_titles_title":"Datenschutzbestimmungen Flower Campings","_seopress_titles_desc":"Erfahren Sie, wie Flower den Schutz Ihrer pers\u00f6nlichen Daten gem\u00e4\u00df der DSGVO gew\u00e4hrleistet. Transparenz und Sicherheit sind unsere Priorit\u00e4ten.","_seopress_robots_index":"yes","inline_featured_image":false,"gt_fse_maillage_image":"https:\/\/platinredoute.geek-tonic.dev\/wp-content\/uploads\/2026\/03\/bord-de-mer-camping-rivedoux-plage-ile-de-re-pont.jpg","gt_fse_maillage_titre":"Datenschutzrichtlinie","gt_fse_maillage_alt":"Strandpromenade Campingplatz Rivedoux Strand \u00eele de r\u00e9 Br\u00fccke","gt_fse_maillage_resume":"","footnotes":""},"categories":[],"tags":[],"class_list":["post-5389","page","type-page","status-publish","has-post-thumbnail","hentry"],"publishpress_future_action":{"enabled":false,"date":"2026-04-20 04:41:58","action":"change-status","newStatus":"draft","terms":[],"taxonomy":"category","extraData":[]},"publishpress_future_workflow_manual_trigger":{"enabledWorkflows":[]},"_links":{"self":[{"href":"https:\/\/platinredoute.geek-tonic.dev\/de\/wp-json\/wp\/v2\/pages\/5389","targetHints":{"allow":["GET"]}}],"collection":[{"href":"https:\/\/platinredoute.geek-tonic.dev\/de\/wp-json\/wp\/v2\/pages"}],"about":[{"href":"https:\/\/platinredoute.geek-tonic.dev\/de\/wp-json\/wp\/v2\/types\/page"}],"author":[{"embeddable":true,"href":"https:\/\/platinredoute.geek-tonic.dev\/de\/wp-json\/wp\/v2\/users\/1"}],"replies":[{"embeddable":true,"href":"https:\/\/platinredoute.geek-tonic.dev\/de\/wp-json\/wp\/v2\/comments?post=5389"}],"version-history":[{"count":4,"href":"https:\/\/platinredoute.geek-tonic.dev\/de\/wp-json\/wp\/v2\/pages\/5389\/revisions"}],"predecessor-version":[{"id":7412,"href":"https:\/\/platinredoute.geek-tonic.dev\/de\/wp-json\/wp\/v2\/pages\/5389\/revisions\/7412"}],"wp:featuredmedia":[{"embeddable":true,"href":"https:\/\/platinredoute.geek-tonic.dev\/de\/wp-json\/wp\/v2\/media\/7073"}],"wp:attachment":[{"href":"https:\/\/platinredoute.geek-tonic.dev\/de\/wp-json\/wp\/v2\/media?parent=5389"}],"wp:term":[{"taxonomy":"category","embeddable":true,"href":"https:\/\/platinredoute.geek-tonic.dev\/de\/wp-json\/wp\/v2\/categories?post=5389"},{"taxonomy":"post_tag","embeddable":true,"href":"https:\/\/platinredoute.geek-tonic.dev\/de\/wp-json\/wp\/v2\/tags?post=5389"}],"curies":[{"name":"wp","href":"https:\/\/api.w.org\/{rel}","templated":true}]}}